{"id":4945,"date":"2022-12-09T14:48:17","date_gmt":"2022-12-09T20:48:17","guid":{"rendered":"https:\/\/www.redmaternoinfantil.org.mx\/?page_id=4945"},"modified":"2022-12-09T15:00:15","modified_gmt":"2022-12-09T21:00:15","slug":"aviso-de-privacidad-para-donantes","status":"publish","type":"page","link":"https:\/\/www.redmaternoinfantil.org.mx\/en\/aviso-de-privacidad-para-donantes\/","title":{"rendered":"Aviso de Privacidad para Donantes"},"content":{"rendered":"<div data-elementor-type=\"wp-page\" data-elementor-id=\"4945\" class=\"elementor elementor-4945\" data-elementor-post-type=\"page\">\n\t\t\t\t\t\t<section class=\"elementor-section elementor-top-section elementor-element elementor-element-31bd507 elementor-section-boxed elementor-section-height-default elementor-section-height-default\" data-id=\"31bd507\" data-element_type=\"section\" data-e-type=\"section\">\n\t\t\t\t\t\t<div class=\"elementor-container elementor-column-gap-default\">\n\t\t\t\t\t<div class=\"elementor-column elementor-col-100 elementor-top-column elementor-element elementor-element-07f1f1b\" data-id=\"07f1f1b\" data-element_type=\"column\" data-e-type=\"column\">\n\t\t\t<div class=\"elementor-widget-wrap elementor-element-populated\">\n\t\t\t\t\t\t<div class=\"elementor-element elementor-element-4906519 elementor-widget elementor-widget-heading\" data-id=\"4906519\" data-element_type=\"widget\" data-e-type=\"widget\" data-widget_type=\"heading.default\">\n\t\t\t\t<div class=\"elementor-widget-container\">\n\t\t\t\t\t<h2 class=\"elementor-heading-title elementor-size-default\">Aviso de Privacidad para Donantes<\/h2>\t\t\t\t<\/div>\n\t\t\t\t<\/div>\n\t\t\t\t<div class=\"elementor-element elementor-element-c0a127e elementor-widget elementor-widget-text-editor\" data-id=\"c0a127e\" data-element_type=\"widget\" data-e-type=\"widget\" data-widget_type=\"text-editor.default\">\n\t\t\t\t<div class=\"elementor-widget-container\">\n\t\t\t\t\t\t\t\t\t<p>Red Materno Infantil (RMI) es un programa de En la Comunidad Encuentro A.C. con domicilio fiscal en Cerro Tlapacoyan 10, Copilco Universidad, Coyoac\u00e1n, CDMX, C.P. 04360. En la Comunidad Encuentro A.C. es responsable de recabar sus datos personales, del uso que se le d\u00e9 a los mismos y de su protecci\u00f3n.<\/p><p>Los datos personales sensibles que voluntariamente proporcione a RMI, ser\u00e1n utilizados para identificarlo, localizarlo y contactarlo; para la emisi\u00f3n del comprobante fiscal correspondiente; registro y seguimiento de su aportaci\u00f3n, registro en la base de datos de donantes, as\u00ed como cualquier otra finalidad an\u00e1loga a las aqu\u00ed establecidas, y estar\u00e1n protegidos por medidas de seguridad administrativas, t\u00e9cnicas y f\u00edsicas, para evitar su da\u00f1o, p\u00e9rdida, alteraci\u00f3n, destrucci\u00f3n, uso, acceso o divulgaci\u00f3n indebida.<\/p><p>Usted tiene derecho de acceder, rectificar y cancelar sus datos personales y datos personales sensibles, as\u00ed como de oponerse al tratamiento de los mismos o revocar el consentimiento que para tal fin nos haya otorgado, a trav\u00e9s de los procedimientos que hemos implementado. Para conocer dichos procedimientos, los requisitos y plazos, se puede poner en contacto con nuestro responsable de datos personales en laura.villasenor@redmaternoinfantil.org.mx<\/p><p>En caso de cancelaci\u00f3n, devoluci\u00f3n o alg\u00fan tipo de aclaraci\u00f3n respecto a donativos, favor de comunicarse al correo se\u00f1alado anteriormente o a los tel\u00e9fonos: (01 55) 5271 8050 \/ 5271 8268.<\/p><p>Para En la Comunidad Encuentro, AC, es muy importante la protecci\u00f3n de sus datos personales, raz\u00f3n por la cual, este aviso de privacidad, el objetivo de los art\u00edculos 6, 8, 15 y 16 de la Ley Federal de Protecci\u00f3n de Datos Personales en Posesi\u00f3n de los Particulares (LEY), tiene como fin los datos del tipo de datos personales que recuerdan a Usted y como los usamos.<\/p><p>Al recopilar y tratar sus datos personales, se comprometen y se obliga a observar y cumplir con los principios de licencia, consentimiento, calidad, informaci\u00f3n, proporcionalidad y responsabilidad en la Ley Federal de Protecci\u00f3n de DatosPersonales en Posesi\u00f3n de los Particulares. Por lo tanto antes mencionado, y al momento de proporcionar sus datos a En la Comunidad Encuentro A.C., usted otorga su consentimiento expreso para recopilar y utilizar sus Datos para los fines que m\u00e1s adelante se especifique. Con el objeto de cumplir con lo establecido en los art\u00edculos 15 y 16 de la Ley Federal de Protecci\u00f3n de Datos Personales en Posesi\u00f3n de los Particulares se se\u00f1ala lo siguiente:<\/p>\t\t\t\t\t\t\t\t<\/div>\n\t\t\t\t<\/div>\n\t\t\t\t\t<\/div>\n\t\t<\/div>\n\t\t\t\t\t<\/div>\n\t\t<\/section>\n\t\t\t\t<section class=\"elementor-section elementor-top-section elementor-element elementor-element-ae9ea9f elementor-section-boxed elementor-section-height-default elementor-section-height-default\" data-id=\"ae9ea9f\" data-element_type=\"section\" data-e-type=\"section\">\n\t\t\t\t\t\t<div class=\"elementor-container elementor-column-gap-default\">\n\t\t\t\t\t<div class=\"elementor-column elementor-col-100 elementor-top-column elementor-element elementor-element-1c2a0e9\" data-id=\"1c2a0e9\" data-element_type=\"column\" data-e-type=\"column\">\n\t\t\t<div class=\"elementor-widget-wrap elementor-element-populated\">\n\t\t\t\t\t\t<div class=\"elementor-element elementor-element-b3eebdf elementor-widget elementor-widget-heading\" data-id=\"b3eebdf\" data-element_type=\"widget\" data-e-type=\"widget\" data-widget_type=\"heading.default\">\n\t\t\t\t<div class=\"elementor-widget-container\">\n\t\t\t\t\t<h2 class=\"elementor-heading-title elementor-size-default\">DATOS PERSONALES QUE RECABAMOS DE USTED<\/h2>\t\t\t\t<\/div>\n\t\t\t\t<\/div>\n\t\t\t\t<div class=\"elementor-element elementor-element-20ab557 elementor-widget elementor-widget-text-editor\" data-id=\"20ab557\" data-element_type=\"widget\" data-e-type=\"widget\" data-widget_type=\"text-editor.default\">\n\t\t\t\t<div class=\"elementor-widget-container\">\n\t\t\t\t\t\t\t\t\t<p>Los contenidos en el cup\u00f3n de donativo que ha suscrito: <br \/>Nombre completo. <br \/>Direcci\u00f3n. <br \/>Tel\u00e9fono \/ celular <br \/>Correo electr\u00f3nico. <\/p><p>Datos del recibo deducible de impuestos. <br \/>Nombre a favor de quien se expide el recibo. <br \/>Direcci\u00f3n. <br \/>Phone Number <br \/>Correo Electr\u00f3nico <br \/>Registro Federal de Contribuyente (RFC).<\/p><p>Informaci\u00f3n de cr\u00e9dito o cuenta de cheques. <br \/>Nombre del titular de la tarjeta de cr\u00e9dito o d\u00e9bito o cuenta de cheques. <br \/>N\u00famero de tarjeta de cr\u00e9dito o d\u00e9bito. <br \/>N\u00famero de tarjeta de cr\u00e9dito o d\u00e9bito <br \/>Banco emisor. <br \/>C\u00f3digo de seguridad. <br \/>Fecha de vencimiento. <br \/>Cuenta clabe.<\/p>\t\t\t\t\t\t\t\t<\/div>\n\t\t\t\t<\/div>\n\t\t\t\t\t<\/div>\n\t\t<\/div>\n\t\t\t\t\t<\/div>\n\t\t<\/section>\n\t\t\t\t<section class=\"elementor-section elementor-top-section elementor-element elementor-element-b12c339 elementor-section-boxed elementor-section-height-default elementor-section-height-default\" data-id=\"b12c339\" data-element_type=\"section\" data-e-type=\"section\">\n\t\t\t\t\t\t<div class=\"elementor-container elementor-column-gap-default\">\n\t\t\t\t\t<div class=\"elementor-column elementor-col-100 elementor-top-column elementor-element elementor-element-8c176f0\" data-id=\"8c176f0\" data-element_type=\"column\" data-e-type=\"column\">\n\t\t\t<div class=\"elementor-widget-wrap elementor-element-populated\">\n\t\t\t\t\t\t<div class=\"elementor-element elementor-element-6872cca elementor-widget elementor-widget-heading\" data-id=\"6872cca\" data-element_type=\"widget\" data-e-type=\"widget\" data-widget_type=\"heading.default\">\n\t\t\t\t<div class=\"elementor-widget-container\">\n\t\t\t\t\t<h2 class=\"elementor-heading-title elementor-size-default\">IDENTIDAD Y DOMICILIO DE ENLACE<\/h2>\t\t\t\t<\/div>\n\t\t\t\t<\/div>\n\t\t\t\t<div class=\"elementor-element elementor-element-0dbbc9d elementor-widget elementor-widget-text-editor\" data-id=\"0dbbc9d\" data-element_type=\"widget\" data-e-type=\"widget\" data-widget_type=\"text-editor.default\">\n\t\t\t\t<div class=\"elementor-widget-container\">\n\t\t\t\t\t\t\t\t\t<p>ENLACE es una Asociaci\u00f3n Civil Constituida conforme a las leyes de los Estados Unidos Mexicanos, con domicilio en Cerro Tlapacoyan 10, Colonia Copilco Universidad, Coyoac\u00e1n, CDMX, CP 04360<\/p><p>RESPONSABLE DE LOS DATOS PERSONALES:<br \/><br \/>En los t\u00e9rminos del art\u00edculo 30 de la Ley Federal de Protecci\u00f3n de Datos Personales en Posesi\u00f3n de los Particulares se designa a la Sra. Paz Guti\u00e9rrez Cortina.<\/p><p>FINALIDAD<\/p><p>Salvo que usted disponga lo contrario en el ejercicio legal de los derechos ARCO ya trav\u00e9s de los medios establecidos en el presente Aviso de privacidad, el tratamiento de sus datos, que en su caso ENLACE Obtenga un recopilar, totalmente confidencial y tiene como objetivo La identificaci\u00f3n, administraci\u00f3n, control y seguimiento de los donativos que usted realiza. As\u00ed como para su informaci\u00f3n.<\/p>\t\t\t\t\t\t\t\t<\/div>\n\t\t\t\t<\/div>\n\t\t\t\t\t<\/div>\n\t\t<\/div>\n\t\t\t\t\t<\/div>\n\t\t<\/section>\n\t\t\t\t<section class=\"elementor-section elementor-top-section elementor-element elementor-element-7d18d1d elementor-section-boxed elementor-section-height-default elementor-section-height-default\" data-id=\"7d18d1d\" data-element_type=\"section\" data-e-type=\"section\">\n\t\t\t\t\t\t<div class=\"elementor-container elementor-column-gap-default\">\n\t\t\t\t\t<div class=\"elementor-column elementor-col-100 elementor-top-column elementor-element elementor-element-b212e9f\" data-id=\"b212e9f\" data-element_type=\"column\" data-e-type=\"column\">\n\t\t\t<div class=\"elementor-widget-wrap elementor-element-populated\">\n\t\t\t\t\t\t<div class=\"elementor-element elementor-element-1473d9b elementor-widget elementor-widget-heading\" data-id=\"1473d9b\" data-element_type=\"widget\" data-e-type=\"widget\" data-widget_type=\"heading.default\">\n\t\t\t\t<div class=\"elementor-widget-container\">\n\t\t\t\t\t<h2 class=\"elementor-heading-title elementor-size-default\">OPCIONES Y MEDIOS QUE ENLACE PONE A SU DISPOSICI\u00d3N PARA LIMITAR EL USO O DIVULGACI\u00d3N DE SUS DATOS PERSONALES\n<\/h2>\t\t\t\t<\/div>\n\t\t\t\t<\/div>\n\t\t\t\t<div class=\"elementor-element elementor-element-1fb2e97 elementor-widget elementor-widget-text-editor\" data-id=\"1fb2e97\" data-element_type=\"widget\" data-e-type=\"widget\" data-widget_type=\"text-editor.default\">\n\t\t\t\t<div class=\"elementor-widget-container\">\n\t\t\t\t\t\t\t\t\t<p>ENLACE cuenta con las medidas de seguridad, administrativas, t\u00e9cnicas y funciones f\u00edsicas y pr\u00e1cticas de seguridad, para garantizar sus datos personales. Aviso de privacidad y en la legislaci\u00f3n aplicable.<\/p>\t\t\t\t\t\t\t\t<\/div>\n\t\t\t\t<\/div>\n\t\t\t\t\t<\/div>\n\t\t<\/div>\n\t\t\t\t\t<\/div>\n\t\t<\/section>\n\t\t\t\t<section class=\"elementor-section elementor-top-section elementor-element elementor-element-4cbb214 elementor-section-boxed elementor-section-height-default elementor-section-height-default\" data-id=\"4cbb214\" data-element_type=\"section\" data-e-type=\"section\">\n\t\t\t\t\t\t<div class=\"elementor-container elementor-column-gap-default\">\n\t\t\t\t\t<div class=\"elementor-column elementor-col-100 elementor-top-column elementor-element elementor-element-3f669eb\" data-id=\"3f669eb\" data-element_type=\"column\" data-e-type=\"column\">\n\t\t\t<div class=\"elementor-widget-wrap elementor-element-populated\">\n\t\t\t\t\t\t<div class=\"elementor-element elementor-element-36b7f88 elementor-widget elementor-widget-heading\" data-id=\"36b7f88\" data-element_type=\"widget\" data-e-type=\"widget\" data-widget_type=\"heading.default\">\n\t\t\t\t<div class=\"elementor-widget-container\">\n\t\t\t\t\t<h2 class=\"elementor-heading-title elementor-size-default\">MEDIOS PARA EJERCER SUS DERECHOS ARCO<\/h2>\t\t\t\t<\/div>\n\t\t\t\t<\/div>\n\t\t\t\t<div class=\"elementor-element elementor-element-0ac7660 elementor-widget elementor-widget-text-editor\" data-id=\"0ac7660\" data-element_type=\"widget\" data-e-type=\"widget\" data-widget_type=\"text-editor.default\">\n\t\t\t\t<div class=\"elementor-widget-container\">\n\t\t\t\t\t\t\t\t\t<p>Usted, como titular de los Datos Personales, o en su caso, su representante legal, puede hacer una solicitud, cualquiera de los derechos ARCO (acceso, rectificaci\u00f3n, cancelaci\u00f3n u opci\u00f3n) que contempla el art\u00edculo 22 de la Ley y que se explican Continuar, en el entendido que cada uno de estos derechos es independiente entre s\u00ed, es decir, no es necesario agotar uno para poder ejercitar alguno de los otros tres: Acceso. Es la facultad que tiene usted para solicitar un espacio que le permita tener un informe en sus bases. Rectificaci\u00f3n. Es el derecho que tiene para que se corrijan sus datos personales. Cancelaci\u00f3n. Es la facultad que tiene usted para ENLACE que se abstenga de realizar el tratamiento de sus Datos Personales en determinadas situaciones. Oposici\u00f3n. Es la facultad de oponerse al tratamiento de sus datos para fines espec\u00edficos. Aviso de privacidad, o bien, por medio de correo electr\u00f3nico contacto@redmaternoinfantil.org.mx Solicitud menos: (a) su nombre y domicilio o medio para recibir comunicaciones; (b) su identificaci\u00f3n o documentos que acrediten la personalidad de su representante legal; (c) la explicaci\u00f3n clara y precisa de los Datos Personales a los que quiere tener acceso, rectificar, cancelar u oponerse; y (d) cualquier otro elemento o documento que facilite la localizaci\u00f3n de sus Datos Personales.<\/p>\t\t\t\t\t\t\t\t<\/div>\n\t\t\t\t<\/div>\n\t\t\t\t\t<\/div>\n\t\t<\/div>\n\t\t\t\t\t<\/div>\n\t\t<\/section>\n\t\t\t\t<\/div>","protected":false},"excerpt":{"rendered":"<p>Aviso de Privacidad para Donantes Red Materno Infantil (RMI) es un programa de En la Comunidad Encuentro A.C. con domicilio fiscal en Cerro Tlapacoyan 10, Copilco Universidad, Coyoac\u00e1n, CDMX, C.P. 04360. En la Comunidad Encuentro A.C. es responsable de recabar sus datos personales, del uso que se le d\u00e9 a los mismos y de su [&hellip;]<\/p>\n","protected":false},"author":2,"featured_media":0,"parent":0,"menu_order":0,"comment_status":"closed","ping_status":"closed","template":"","meta":{"inline_featured_image":false,"_monsterinsights_skip_tracking":false,"_monsterinsights_sitenote_active":false,"_monsterinsights_sitenote_note":"","_monsterinsights_sitenote_category":0,"site-sidebar-layout":"no-sidebar","site-content-layout":"boxed-container","ast-site-content-layout":"default","site-content-style":"default","site-sidebar-style":"default","ast-global-header-display":"","ast-banner-title-visibility":"","ast-main-header-display":"","ast-hfb-above-header-display":"","ast-hfb-below-header-display":"","ast-hfb-mobile-header-display":"","site-post-title":"disabled","ast-breadcrumbs-content":"","ast-featured-img":"disabled","footer-sml-layout":"","ast-disable-related-posts":"","theme-transparent-header-meta":"","adv-header-id-meta":"","stick-header-meta":"","header-above-stick-meta":"","header-main-stick-meta":"","header-below-stick-meta":"","astra-migrate-meta-layouts":"default","ast-page-background-enabled":"default","ast-page-background-meta":{"desktop":{"background-color":"var(--ast-global-color-4)","background-image":"","background-repeat":"repeat","background-position":"center center","background-size":"auto","background-attachment":"scroll","background-type":"","background-media":"","overlay-type":"","overlay-color":"","overlay-opacity":"","overlay-gradient":""},"tablet":{"background-color":"","background-image":"","background-repeat":"repeat","background-position":"center center","background-size":"auto","background-attachment":"scroll","background-type":"","background-media":"","overlay-type":"","overlay-color":"","overlay-opacity":"","overlay-gradient":""},"mobile":{"background-color":"","background-image":"","background-repeat":"repeat","background-position":"center center","background-size":"auto","background-attachment":"scroll","background-type":"","background-media":"","overlay-type":"","overlay-color":"","overlay-opacity":"","overlay-gradient":""}},"ast-content-background-meta":{"desktop":{"background-color":"var(--ast-global-color-5)","background-image":"","background-repeat":"repeat","background-position":"center center","background-size":"auto","background-attachment":"scroll","background-type":"","background-media":"","overlay-type":"","overlay-color":"","overlay-opacity":"","overlay-gradient":""},"tablet":{"background-color":"var(--ast-global-color-5)","background-image":"","background-repeat":"repeat","background-position":"center center","background-size":"auto","background-attachment":"scroll","background-type":"","background-media":"","overlay-type":"","overlay-color":"","overlay-opacity":"","overlay-gradient":""},"mobile":{"background-color":"var(--ast-global-color-5)","background-image":"","background-repeat":"repeat","background-position":"center center","background-size":"auto","background-attachment":"scroll","background-type":"","background-media":"","overlay-type":"","overlay-color":"","overlay-opacity":"","overlay-gradient":""}},"footnotes":""},"class_list":["post-4945","page","type-page","status-publish","hentry"],"rttpg_featured_image_url":null,"rttpg_author":{"display_name":"Suriel Angel Carrasco Rodr\u00edguez","author_link":"https:\/\/www.redmaternoinfantil.org.mx\/en\/author\/suri-rmi\/"},"rttpg_comment":0,"rttpg_category":null,"rttpg_excerpt":"Aviso de Privacidad para Donantes Red Materno Infantil (RMI) es un programa de En la Comunidad Encuentro A.C. con domicilio fiscal en Cerro Tlapacoyan 10, Copilco Universidad, Coyoac\u00e1n, CDMX, C.P. 04360. En la Comunidad Encuentro A.C. es responsable de recabar sus datos personales, del uso que se le d\u00e9 a los mismos y de su&hellip;","_links":{"self":[{"href":"https:\/\/www.redmaternoinfantil.org.mx\/en\/wp-json\/wp\/v2\/pages\/4945","targetHints":{"allow":["GET"]}}],"collection":[{"href":"https:\/\/www.redmaternoinfantil.org.mx\/en\/wp-json\/wp\/v2\/pages"}],"about":[{"href":"https:\/\/www.redmaternoinfantil.org.mx\/en\/wp-json\/wp\/v2\/types\/page"}],"author":[{"embeddable":true,"href":"https:\/\/www.redmaternoinfantil.org.mx\/en\/wp-json\/wp\/v2\/users\/2"}],"replies":[{"embeddable":true,"href":"https:\/\/www.redmaternoinfantil.org.mx\/en\/wp-json\/wp\/v2\/comments?post=4945"}],"version-history":[{"count":0,"href":"https:\/\/www.redmaternoinfantil.org.mx\/en\/wp-json\/wp\/v2\/pages\/4945\/revisions"}],"wp:attachment":[{"href":"https:\/\/www.redmaternoinfantil.org.mx\/en\/wp-json\/wp\/v2\/media?parent=4945"}],"curies":[{"name":"wp","href":"https:\/\/api.w.org\/{rel}","templated":true}]}}