{"id":3973,"date":"2022-11-09T13:58:45","date_gmt":"2022-11-09T19:58:45","guid":{"rendered":"https:\/\/www.redmaternoinfantil.org.mx\/?page_id=3973"},"modified":"2022-12-09T15:24:08","modified_gmt":"2022-12-09T21:24:08","slug":"aviso-de-privacidad","status":"publish","type":"page","link":"https:\/\/www.redmaternoinfantil.org.mx\/en\/aviso-de-privacidad\/","title":{"rendered":"Privacy Notice"},"content":{"rendered":"<div data-elementor-type=\"wp-page\" data-elementor-id=\"3973\" class=\"elementor elementor-3973\" data-elementor-post-type=\"page\">\n\t\t\t\t\t\t<section class=\"elementor-section elementor-top-section elementor-element elementor-element-2c6214c elementor-section-boxed elementor-section-height-default elementor-section-height-default\" data-id=\"2c6214c\" data-element_type=\"section\" data-e-type=\"section\">\n\t\t\t\t\t\t<div class=\"elementor-container elementor-column-gap-default\">\n\t\t\t\t\t<div class=\"elementor-column elementor-col-100 elementor-top-column elementor-element elementor-element-f1da52d\" data-id=\"f1da52d\" data-element_type=\"column\" data-e-type=\"column\">\n\t\t\t<div class=\"elementor-widget-wrap elementor-element-populated\">\n\t\t\t\t\t\t<div class=\"elementor-element elementor-element-b334cb5 elementor-widget elementor-widget-heading\" data-id=\"b334cb5\" data-element_type=\"widget\" data-e-type=\"widget\" data-widget_type=\"heading.default\">\n\t\t\t\t<div class=\"elementor-widget-container\">\n\t\t\t\t\t<h2 class=\"elementor-heading-title elementor-size-default\">Aviso de privacidad<\/h2>\t\t\t\t<\/div>\n\t\t\t\t<\/div>\n\t\t\t\t<div class=\"elementor-element elementor-element-fa4f972 elementor-widget elementor-widget-text-editor\" data-id=\"fa4f972\" data-element_type=\"widget\" data-e-type=\"widget\" data-widget_type=\"text-editor.default\">\n\t\t\t\t<div class=\"elementor-widget-container\">\n\t\t\t\t\t\t\t\t\t<p>Red Materno Infantil (RMI) es un programa de En la Comunidad Encuentro A.C. con domicilio fiscal en Cerro Tlapacoyan 10, Copilco Universidad, Coyoac\u00e1n, CDMX, C.P. 04360. En la Comunidad Encuentro, AC, se preocupa por la protecci\u00f3n de sus datos personales, raz\u00f3n por la cual, este aviso de privacidad tiene como objetivo el cumplimiento de los art\u00edculos 6, 8, 15 y 16 de la Ley Federal de Protecci\u00f3n de Datos Personales en Posesi\u00f3n de los Particulares (LFPD.), con el fin de que usted conozca el uso que le damos a sus datos personales. Al recopilar y tratar sus datos personales, se comprometen y se obliga a observar y cumplir con los principios de licencia, consentimiento, calidad, informaci\u00f3n, proporcionalidad y responsabilidad en la Ley Federal de Protecci\u00f3n de Datos Personales en Posesi\u00f3n de los Particulares. Por lo antes mencionado, al momento de proporcionar sus datos a En la Comunidad Encuentro A.C., usted otorga su consentimiento expreso para recopilar y utilizar sus Datos para los fines que m\u00e1s adelante se especifiquen. En la Comunidad Encuentro A.C. es \u201cEl Responsable\u201d de recabar sus datos personales, del uso que se le d\u00e9 a los mismos y de su protecci\u00f3n y al respecto le informamos lo siguiente: <\/p>\t\t\t\t\t\t\t\t<\/div>\n\t\t\t\t<\/div>\n\t\t\t\t<div class=\"elementor-element elementor-element-7fedaf1 elementor-widget elementor-widget-text-editor\" data-id=\"7fedaf1\" data-element_type=\"widget\" data-e-type=\"widget\" data-widget_type=\"text-editor.default\">\n\t\t\t\t<div class=\"elementor-widget-container\">\n\t\t\t\t\t\t\t\t\t<ol><li>Datos personales recabados y sometidos a tratamiento<\/li><\/ol>\t\t\t\t\t\t\t\t<\/div>\n\t\t\t\t<\/div>\n\t\t\t\t<div class=\"elementor-element elementor-element-d445189 elementor-widget elementor-widget-text-editor\" data-id=\"d445189\" data-element_type=\"widget\" data-e-type=\"widget\" data-widget_type=\"text-editor.default\">\n\t\t\t\t<div class=\"elementor-widget-container\">\n\t\t\t\t\t\t\t\t\t<p>Para el desarrollo de las finalidades descritas en el presente Aviso de Privacidad, recabamos o podemos recabar las siguientes categor\u00edas de datos personales: 1.- Datos de identificaci\u00f3n; y 2.- Datos de contacto. El Responsable no recaba datos personales de menores de edad a trav\u00e9s de formularios, cuestionarios, ni a trav\u00e9s de su p\u00e1gina web.<\/p>\t\t\t\t\t\t\t\t<\/div>\n\t\t\t\t<\/div>\n\t\t\t\t<div class=\"elementor-element elementor-element-6af907c elementor-widget elementor-widget-text-editor\" data-id=\"6af907c\" data-element_type=\"widget\" data-e-type=\"widget\" data-widget_type=\"text-editor.default\">\n\t\t\t\t<div class=\"elementor-widget-container\">\n\t\t\t\t\t\t\t\t\t<ol><li>Tratamiento de datos personales sensibles<\/li><\/ol>\t\t\t\t\t\t\t\t<\/div>\n\t\t\t\t<\/div>\n\t\t\t\t<div class=\"elementor-element elementor-element-5aeecba elementor-widget elementor-widget-text-editor\" data-id=\"5aeecba\" data-element_type=\"widget\" data-e-type=\"widget\" data-widget_type=\"text-editor.default\">\n\t\t\t\t<div class=\"elementor-widget-container\">\n\t\t\t\t\t\t\t\t\t<p>Para el cumplimiento de las finalidades indicadas en el siguiente apartado, el Responsable no recaba datos personales sensibles.<\/p>\t\t\t\t\t\t\t\t<\/div>\n\t\t\t\t<\/div>\n\t\t\t\t<div class=\"elementor-element elementor-element-cbf93ea elementor-widget elementor-widget-text-editor\" data-id=\"cbf93ea\" data-element_type=\"widget\" data-e-type=\"widget\" data-widget_type=\"text-editor.default\">\n\t\t\t\t<div class=\"elementor-widget-container\">\n\t\t\t\t\t\t\t\t\t<ol><li>Finalidades del tratamiento<\/li><\/ol>\t\t\t\t\t\t\t\t<\/div>\n\t\t\t\t<\/div>\n\t\t\t\t<div class=\"elementor-element elementor-element-bfa241a elementor-widget elementor-widget-text-editor\" data-id=\"bfa241a\" data-element_type=\"widget\" data-e-type=\"widget\" data-widget_type=\"text-editor.default\">\n\t\t\t\t<div class=\"elementor-widget-container\">\n\t\t\t\t\t\t\t\t\t<p>Finalidades originarias y necesarias: 1.- Informar sobre actividades que realiza el responsable; 2.- Llamadas telef\u00f3nicas para informar sobre actividades de la Red Materno Infantil y puedan formar parte en ciertas actividades o campa\u00f1as; 3.- Env\u00edos de informes, boletines y newsletters sobre eventos, actividades, informaci\u00f3n o campa\u00f1as referentes a los objetivos del responsable a trav\u00e9s de medios f\u00edsicos o electr\u00f3nicos; 4.- Gesti\u00f3n, control y administraci\u00f3n de las comunicaciones entre el Responsable y sus usuarios; 5.- Estad\u00edstica y registro hist\u00f3rico de usuarios, incluyendo h\u00e1bitos de consumo. En todo momento, usted podr\u00e1 revocar su consentimiento para el tratamiento de sus datos personales en relaci\u00f3n con las finalidades adicionales indicadas, mediante los mecanismos previstos en este Aviso de Privacidad y de conformidad con la legislaci\u00f3n vigente. La negativa para el uso de sus datos personales para estas finalidades no podr\u00e1 ser un motivo para que le neguemos los servicios y productos que solicita o contrata con nosotros.<\/p>\t\t\t\t\t\t\t\t<\/div>\n\t\t\t\t<\/div>\n\t\t\t\t<div class=\"elementor-element elementor-element-a6a41a2 elementor-widget elementor-widget-text-editor\" data-id=\"a6a41a2\" data-element_type=\"widget\" data-e-type=\"widget\" data-widget_type=\"text-editor.default\">\n\t\t\t\t<div class=\"elementor-widget-container\">\n\t\t\t\t\t\t\t\t\t<ol><li>Transferencias de datos personales<\/li><\/ol>\t\t\t\t\t\t\t\t<\/div>\n\t\t\t\t<\/div>\n\t\t\t\t<div class=\"elementor-element elementor-element-9a27244 elementor-widget elementor-widget-text-editor\" data-id=\"9a27244\" data-element_type=\"widget\" data-e-type=\"widget\" data-widget_type=\"text-editor.default\">\n\t\t\t\t<div class=\"elementor-widget-container\">\n\t\t\t\t\t\t\t\t\t<p>Le informamos que sus datos personales son compartidos dentro y fuera del pa\u00eds con las siguientes personas, empresas, organizaciones y autoridades distintas a nosotros, en los siguientes supuestos: 1. Sociedades controladoras, subsidiarias o afiliadas del Responsable, o a una sociedad matriz; con finalidades de resguardo centralizado de la informaci\u00f3n; control de altas y bajas; modificaciones sobre el alcance de los servicios contratados; as\u00ed como para la realizaci\u00f3n de an\u00e1lisis y estad\u00edsticas sobre nuestros clientes, con el objeto de evaluar, mejorar y dise\u00f1ar nuevos servicios. 2. Organismos P\u00fablicos; Administraciones p\u00fablicas federales, estatales o municipales; Comisiones; Institutos y\/o Entidades Reguladoras; para el cumplimiento de obligaciones informativas, de transparencia o de cooperaci\u00f3n en materia de seguridad y justicia; as\u00ed como para el cumplimiento de requerimientos judiciales o administrativos emitidos por autoridades competentes. 3. Consentimiento para la transferencia de datos en los casos anteriores y para alcanzar los fines del Responsable. Para efectuar las transferencias indicadas en los numerales anteriores, no se requiere su consentimiento de conformidad con el art\u00edculo 37 de la LFPD. En todos los dem\u00e1s casos, sus datos personales no ser\u00e1n transferidos a terceros sin su consentimiento, salvo las excepciones previstas en el art\u00edculo 37 de la LFPD y en todo caso cumpliendo las condiciones previstas en el art\u00edculo 17 del Reglamento de la LFPD.<\/p>\t\t\t\t\t\t\t\t<\/div>\n\t\t\t\t<\/div>\n\t\t\t\t<div class=\"elementor-element elementor-element-e79a396 elementor-widget elementor-widget-text-editor\" data-id=\"e79a396\" data-element_type=\"widget\" data-e-type=\"widget\" data-widget_type=\"text-editor.default\">\n\t\t\t\t<div class=\"elementor-widget-container\">\n\t\t\t\t\t\t\t\t\t<ol><li>Ejercicio de los derechos arco<\/li><\/ol>\t\t\t\t\t\t\t\t<\/div>\n\t\t\t\t<\/div>\n\t\t\t\t<div class=\"elementor-element elementor-element-d76e1af elementor-widget elementor-widget-text-editor\" data-id=\"d76e1af\" data-element_type=\"widget\" data-e-type=\"widget\" data-widget_type=\"text-editor.default\">\n\t\t\t\t<div class=\"elementor-widget-container\">\n\t\t\t\t\t\t\t\t\t<p>Usted tiene derecho a conocer qu\u00e9 datos personales tenemos de usted, para qu\u00e9 los utilizamos y las condiciones del uso que les damos (Acceso). Asimismo, es su derecho solicitar la correcci\u00f3n de su informaci\u00f3n personal en caso de que est\u00e9 desactualizada, sea inexacta o incompleta (Rectificaci\u00f3n); que la eliminemos de nuestros registros o bases de datos cuando considere que la misma no est\u00e1 siendo utilizada conforme a los principios, deberes y obligaciones previstas en la normativa (Cancelaci\u00f3n); as\u00ed como oponerse al uso de sus datos personales para fines espec\u00edficos (Oposici\u00f3n). Estos derechos se conocen como derechos ARCO. Para el ejercicio de cualquiera de los derechos ARCO, usted deber\u00e1 presentar la solicitud respectiva el cual debe de contener y acompa\u00f1ar lo siguiente: 1. Su nombre y domicilio u otro medio para comunicarle la respuesta a su solicitud; 2. Los documentos que acrediten su identidad o, en su caso, la representaci\u00f3n legal; 3. La descripci\u00f3n clara y precisa de los datos personales respecto de los que se busca ejercer alguno de los Derechos ARCO; y 4. Cualquier otro elemento o documento que facilite la localizaci\u00f3n de los datos personales. <\/p>\t\t\t\t\t\t\t\t<\/div>\n\t\t\t\t<\/div>\n\t\t\t\t<div class=\"elementor-element elementor-element-97a1d11 elementor-widget elementor-widget-text-editor\" data-id=\"97a1d11\" data-element_type=\"widget\" data-e-type=\"widget\" data-widget_type=\"text-editor.default\">\n\t\t\t\t<div class=\"elementor-widget-container\">\n\t\t\t\t\t\t\t\t\t<ol><li>Opciones y medios que ENLACE pone a su disposici\u00f3n para limitar el uso o divulgaci\u00f3n de sus datos personales.<\/li><\/ol>\t\t\t\t\t\t\t\t<\/div>\n\t\t\t\t<\/div>\n\t\t\t\t<div class=\"elementor-element elementor-element-2075211 elementor-widget elementor-widget-text-editor\" data-id=\"2075211\" data-element_type=\"widget\" data-e-type=\"widget\" data-widget_type=\"text-editor.default\">\n\t\t\t\t<div class=\"elementor-widget-container\">\n\t\t\t\t\t\t\t\t\t<p>ENLACE cuenta con las medidas de seguridad, administrativas, t\u00e9cnicas y funciones f\u00edsicas y pr\u00e1cticas de seguridad, para garantizar sus datos personales. Aviso de privacidad y en la legislaci\u00f3n aplicable.<\/p>\t\t\t\t\t\t\t\t<\/div>\n\t\t\t\t<\/div>\n\t\t\t\t<div class=\"elementor-element elementor-element-ceb010e elementor-widget elementor-widget-text-editor\" data-id=\"ceb010e\" data-element_type=\"widget\" data-e-type=\"widget\" data-widget_type=\"text-editor.default\">\n\t\t\t\t<div class=\"elementor-widget-container\">\n\t\t\t\t\t\t\t\t\t<ol><li>Medios para ejercer sus derechos ARCO<\/li><\/ol>\t\t\t\t\t\t\t\t<\/div>\n\t\t\t\t<\/div>\n\t\t\t\t<div class=\"elementor-element elementor-element-424115a elementor-widget elementor-widget-text-editor\" data-id=\"424115a\" data-element_type=\"widget\" data-e-type=\"widget\" data-widget_type=\"text-editor.default\">\n\t\t\t\t<div class=\"elementor-widget-container\">\n\t\t\t\t\t\t\t\t\t<p>Usted, como titular de los Datos Personales, o en su caso, su representante legal, puede hacer una solicitud, cualquiera de los derechos ARCO (acceso, rectificaci\u00f3n, cancelaci\u00f3n u opci\u00f3n) que contempla el art\u00edculo 22 de la Ley (LFPD ) y que se explican, en el entendido que cada uno de estos derechos es independiente entre s\u00ed, es decir, no es necesario agotar uno para poder ejercitar alguno de los otros tres: Acceso. Es la facultad que tiene usted para solicitar un espacio que le permita tener un informe en sus bases. Rectificaci\u00f3n. Es el derecho que tiene para que se corrijan sus datos personales. Cancelaci\u00f3n. Es la facultad que tiene usted para que ENLACE se abstenga de realizar el tratamiento de sus Datos Personales en determinadas situaciones. Oposici\u00f3n. Es la facultad de oponerse al tratamiento de sus datos para fines espec\u00edficos. Aviso de privacidad, o bien, por medio del correo electr\u00f3nico contacto@redmaternoinfantil.org.mx Solicitud menos: (a) su nombre y domicilio o medio para recibir comunicaciones; (b) su identificaci\u00f3n o documentos que acrediten la personalidad de su representante legal; (c) la explicaci\u00f3n clara y precisa de los Datos Personales a los que quiere tener acceso, rectificar, cancelar u oponerse; y (d) cualquier otro elemento o documento que facilite la localizaci\u00f3n de sus Datos Personales. En un plazo m\u00e1ximo de 15 d\u00edas h\u00e1biles atenderemos su solicitud.<\/p>\t\t\t\t\t\t\t\t<\/div>\n\t\t\t\t<\/div>\n\t\t\t\t<div class=\"elementor-element elementor-element-d919447 elementor-widget elementor-widget-text-editor\" data-id=\"d919447\" data-element_type=\"widget\" data-e-type=\"widget\" data-widget_type=\"text-editor.default\">\n\t\t\t\t<div class=\"elementor-widget-container\">\n\t\t\t\t\t\t\t\t\t<ol><li>Revocaci\u00f3n del consentimiento del tratamiento de los datos<\/li><\/ol>\t\t\t\t\t\t\t\t<\/div>\n\t\t\t\t<\/div>\n\t\t\t\t<div class=\"elementor-element elementor-element-941996c elementor-widget elementor-widget-text-editor\" data-id=\"941996c\" data-element_type=\"widget\" data-e-type=\"widget\" data-widget_type=\"text-editor.default\">\n\t\t\t\t<div class=\"elementor-widget-container\">\n\t\t\t\t\t\t\t\t\t<p>En todo momento, usted puede revocar el consentimiento que nos ha sido otorgado para el tratamiento de sus datos personales. Para ello, es necesario presentar su petici\u00f3n por escrito ENLACE en el domicilio se\u00f1alado en el presente Aviso de privacidad, o bien, por medios electr\u00f3nicos a trav\u00e9s de nuestro correo electr\u00f3nico contacto@redmaternoinfantil.org.mx Su petici\u00f3n deber\u00e1 ser acompa\u00f1ada de la siguiente informaci\u00f3n: (a) Su nombre y domicilio o medio para recibir comunicaciones; (b) su identificaci\u00f3n o documentos que acrediten la personalidad de su representante legal; (c) Cualquier otro elemento o documento que facilite la localizaci\u00f3n de sus Datos Personales. En un plazo m\u00e1ximo de 15 d\u00edas h\u00e1biles atenderemos su petici\u00f3n y le daremos informaci\u00f3n sobre el procedimiento de la misma a trav\u00e9s del medio que usted debe recibir las comunicaciones. 1. Limitaciones sobre el uso y divulgaci\u00f3n de sus datos personales Usted podr\u00e1 limitar el uso o divulgaci\u00f3n de sus datos personales dirigiendo la solicitud correspondiente a nuestro Departamento de Datos Personales. Los requisitos para acreditar su identidad, as\u00ed como el procedimiento para atender su solicitud ser\u00e1n los mismos que los se\u00f1alados para el ejercicio de los derechos ARCO. El Responsable cuenta con medios y procedimientos para asegurar la inclusi\u00f3n de algunos de sus datos en listados de exclusi\u00f3n propios, cuando usted solicita su inclusi\u00f3n en ellos de forma expresa. El Responsable otorgar\u00e1 a los titulares que soliciten su registro, la constancia de inscripci\u00f3n correspondiente.<\/p>\t\t\t\t\t\t\t\t<\/div>\n\t\t\t\t<\/div>\n\t\t\t\t<div class=\"elementor-element elementor-element-df763ab elementor-widget elementor-widget-text-editor\" data-id=\"df763ab\" data-element_type=\"widget\" data-e-type=\"widget\" data-widget_type=\"text-editor.default\">\n\t\t\t\t<div class=\"elementor-widget-container\">\n\t\t\t\t\t\t\t\t\t<ol><li>&#8211; Tratamiento de datos personales<\/li><\/ol>\t\t\t\t\t\t\t\t<\/div>\n\t\t\t\t<\/div>\n\t\t\t\t<div class=\"elementor-element elementor-element-8aaaf87 elementor-widget elementor-widget-text-editor\" data-id=\"8aaaf87\" data-element_type=\"widget\" data-e-type=\"widget\" data-widget_type=\"text-editor.default\">\n\t\t\t\t<div class=\"elementor-widget-container\">\n\t\t\t\t\t\t\t\t\t<p>Sus datos personales son tratados por el personal de ENLACE para los fines especificados, salvo para el caso de cumplir con la legislaci\u00f3n aplicable o para responder a un proceso legal.<\/p>\t\t\t\t\t\t\t\t<\/div>\n\t\t\t\t<\/div>\n\t\t\t\t<div class=\"elementor-element elementor-element-7a5cc75 elementor-widget elementor-widget-text-editor\" data-id=\"7a5cc75\" data-element_type=\"widget\" data-e-type=\"widget\" data-widget_type=\"text-editor.default\">\n\t\t\t\t<div class=\"elementor-widget-container\">\n\t\t\t\t\t\t\t\t\t<ol><li>&#8211; Medios autom\u00e1ticos para recabar datos personales<\/li><\/ol>\t\t\t\t\t\t\t\t<\/div>\n\t\t\t\t<\/div>\n\t\t\t\t<div class=\"elementor-element elementor-element-8e498ad elementor-widget elementor-widget-text-editor\" data-id=\"8e498ad\" data-element_type=\"widget\" data-e-type=\"widget\" data-widget_type=\"text-editor.default\">\n\t\t\t\t<div class=\"elementor-widget-container\">\n\t\t\t\t\t\t\t\t\t<p>El Responsable utiliza cookies para facilitar la navegaci\u00f3n y comunicaci\u00f3n a trav\u00e9s del sitio https:\/\/redmaternoinfantil.org.mx . Si usted navega a trav\u00e9s de dicho sitio y\/o env\u00eda informaci\u00f3n a trav\u00e9s del mismo, las cookies utilizadas por el Responsable le permitir\u00e1n recopilar, analizar y conservar informaci\u00f3n t\u00e9cnica relacionada con sus h\u00e1bitos de navegaci\u00f3n y uso de dichos canales de comunicaci\u00f3n, a trav\u00e9s de dichos medios electr\u00f3nicos que permiten recabar esta informaci\u00f3n de forma autom\u00e1tica, en el momento mismo en que el usuario hace uso de nuestros servicios electr\u00f3nicos. 1. Modificaciones o actualizaciones al presente aviso de privacidad integral El Responsable podr\u00e1 modificar, actualizar, extender o de cualquier otra forma cambiar el contenido y alcance del presente Aviso de Privacidad, en cualquier momento y bajo su completa discreci\u00f3n. En tales casos, publicaremos dichos cambios en el sitio https:\/\/redmaternoinfantil.org.mx , secci\u00f3n &#8220;Privacidad&#8221;. Tambi\u00e9n podr\u00e1n comunicarse cambios al presente Aviso de Privacidad v\u00eda correo electr\u00f3nico, cuando dicho medio hubiese sido establecido como canal de comunicaci\u00f3n entre usted y el Responsable, durante la vigencia de una relaci\u00f3n jur\u00eddica. <\/p><p>\u00daLTIMA ACTUALIZACI\u00d3N: OCTUBRE 2021 Aviso de Privacidad.<\/p>\t\t\t\t\t\t\t\t<\/div>\n\t\t\t\t<\/div>\n\t\t\t\t\t<\/div>\n\t\t<\/div>\n\t\t\t\t\t<\/div>\n\t\t<\/section>\n\t\t\t\t<section class=\"elementor-section elementor-top-section elementor-element elementor-element-c2fd6f2 elementor-section-boxed elementor-section-height-default elementor-section-height-default\" data-id=\"c2fd6f2\" data-element_type=\"section\" data-e-type=\"section\">\n\t\t\t\t\t\t<div class=\"elementor-container elementor-column-gap-default\">\n\t\t\t\t\t<div class=\"elementor-column elementor-col-100 elementor-top-column elementor-element elementor-element-adbd35e\" data-id=\"adbd35e\" data-element_type=\"column\" data-e-type=\"column\">\n\t\t\t<div class=\"elementor-widget-wrap elementor-element-populated\">\n\t\t\t\t\t\t<div class=\"elementor-element elementor-element-0eb0233 elementor-widget elementor-widget-spacer\" data-id=\"0eb0233\" data-element_type=\"widget\" data-e-type=\"widget\" data-widget_type=\"spacer.default\">\n\t\t\t\t<div class=\"elementor-widget-container\">\n\t\t\t\t\t\t\t<div class=\"elementor-spacer\">\n\t\t\t<div class=\"elementor-spacer-inner\"><\/div>\n\t\t<\/div>\n\t\t\t\t\t\t<\/div>\n\t\t\t\t<\/div>\n\t\t\t\t\t<\/div>\n\t\t<\/div>\n\t\t\t\t\t<\/div>\n\t\t<\/section>\n\t\t\t\t<\/div>","protected":false},"excerpt":{"rendered":"<p>Aviso de privacidad Red Materno Infantil (RMI) es un programa de En la Comunidad Encuentro A.C. con domicilio fiscal en Cerro Tlapacoyan 10, Copilco Universidad, Coyoac\u00e1n, CDMX, C.P. 04360. En la Comunidad Encuentro, AC, se preocupa por la protecci\u00f3n de sus datos personales, raz\u00f3n por la cual, este aviso de privacidad tiene como objetivo el [&hellip;]<\/p>\n","protected":false},"author":2,"featured_media":0,"parent":0,"menu_order":0,"comment_status":"closed","ping_status":"closed","template":"","meta":{"inline_featured_image":false,"_monsterinsights_skip_tracking":false,"_monsterinsights_sitenote_active":false,"_monsterinsights_sitenote_note":"","_monsterinsights_sitenote_category":0,"site-sidebar-layout":"no-sidebar","site-content-layout":"plain-container","ast-site-content-layout":"default","site-content-style":"default","site-sidebar-style":"default","ast-global-header-display":"","ast-banner-title-visibility":"","ast-main-header-display":"","ast-hfb-above-header-display":"","ast-hfb-below-header-display":"","ast-hfb-mobile-header-display":"","site-post-title":"disabled","ast-breadcrumbs-content":"","ast-featured-img":"disabled","footer-sml-layout":"","ast-disable-related-posts":"","theme-transparent-header-meta":"","adv-header-id-meta":"","stick-header-meta":"","header-above-stick-meta":"","header-main-stick-meta":"","header-below-stick-meta":"","astra-migrate-meta-layouts":"default","ast-page-background-enabled":"default","ast-page-background-meta":{"desktop":{"background-color":"var(--ast-global-color-4)","background-image":"","background-repeat":"repeat","background-position":"center center","background-size":"auto","background-attachment":"scroll","background-type":"","background-media":"","overlay-type":"","overlay-color":"","overlay-opacity":"","overlay-gradient":""},"tablet":{"background-color":"","background-image":"","background-repeat":"repeat","background-position":"center center","background-size":"auto","background-attachment":"scroll","background-type":"","background-media":"","overlay-type":"","overlay-color":"","overlay-opacity":"","overlay-gradient":""},"mobile":{"background-color":"","background-image":"","background-repeat":"repeat","background-position":"center center","background-size":"auto","background-attachment":"scroll","background-type":"","background-media":"","overlay-type":"","overlay-color":"","overlay-opacity":"","overlay-gradient":""}},"ast-content-background-meta":{"desktop":{"background-color":"var(--ast-global-color-5)","background-image":"","background-repeat":"repeat","background-position":"center center","background-size":"auto","background-attachment":"scroll","background-type":"","background-media":"","overlay-type":"","overlay-color":"","overlay-opacity":"","overlay-gradient":""},"tablet":{"background-color":"var(--ast-global-color-5)","background-image":"","background-repeat":"repeat","background-position":"center center","background-size":"auto","background-attachment":"scroll","background-type":"","background-media":"","overlay-type":"","overlay-color":"","overlay-opacity":"","overlay-gradient":""},"mobile":{"background-color":"var(--ast-global-color-5)","background-image":"","background-repeat":"repeat","background-position":"center center","background-size":"auto","background-attachment":"scroll","background-type":"","background-media":"","overlay-type":"","overlay-color":"","overlay-opacity":"","overlay-gradient":""}},"footnotes":""},"class_list":["post-3973","page","type-page","status-publish","hentry"],"rttpg_featured_image_url":null,"rttpg_author":{"display_name":"Suriel Angel Carrasco Rodr\u00edguez","author_link":"https:\/\/www.redmaternoinfantil.org.mx\/en\/author\/suri-rmi\/"},"rttpg_comment":0,"rttpg_category":null,"rttpg_excerpt":"Aviso de privacidad Red Materno Infantil (RMI) es un programa de En la Comunidad Encuentro A.C. con domicilio fiscal en Cerro Tlapacoyan 10, Copilco Universidad, Coyoac\u00e1n, CDMX, C.P. 04360. En la Comunidad Encuentro, AC, se preocupa por la protecci\u00f3n de sus datos personales, raz\u00f3n por la cual, este aviso de privacidad tiene como objetivo el&hellip;","_links":{"self":[{"href":"https:\/\/www.redmaternoinfantil.org.mx\/en\/wp-json\/wp\/v2\/pages\/3973","targetHints":{"allow":["GET"]}}],"collection":[{"href":"https:\/\/www.redmaternoinfantil.org.mx\/en\/wp-json\/wp\/v2\/pages"}],"about":[{"href":"https:\/\/www.redmaternoinfantil.org.mx\/en\/wp-json\/wp\/v2\/types\/page"}],"author":[{"embeddable":true,"href":"https:\/\/www.redmaternoinfantil.org.mx\/en\/wp-json\/wp\/v2\/users\/2"}],"replies":[{"embeddable":true,"href":"https:\/\/www.redmaternoinfantil.org.mx\/en\/wp-json\/wp\/v2\/comments?post=3973"}],"version-history":[{"count":0,"href":"https:\/\/www.redmaternoinfantil.org.mx\/en\/wp-json\/wp\/v2\/pages\/3973\/revisions"}],"wp:attachment":[{"href":"https:\/\/www.redmaternoinfantil.org.mx\/en\/wp-json\/wp\/v2\/media?parent=3973"}],"curies":[{"name":"wp","href":"https:\/\/api.w.org\/{rel}","templated":true}]}}