{"id":2612,"date":"2022-10-31T11:25:45","date_gmt":"2022-10-31T17:25:45","guid":{"rendered":"https:\/\/www.redmaternoinfantil.org.mx\/?page_id=2612"},"modified":"2022-12-12T08:38:07","modified_gmt":"2022-12-12T14:38:07","slug":"investigaciones","status":"publish","type":"page","link":"https:\/\/www.redmaternoinfantil.org.mx\/en\/investigaciones\/","title":{"rendered":"Investigaciones"},"content":{"rendered":"<div data-elementor-type=\"wp-page\" data-elementor-id=\"2612\" class=\"elementor elementor-2612\" data-elementor-post-type=\"page\">\n\t\t\t\t\t\t<section class=\"elementor-section elementor-top-section elementor-element elementor-element-801e67b elementor-section-full_width elementor-section-stretched elementor-hidden-tablet elementor-hidden-mobile elementor-section-height-default elementor-section-height-default\" data-id=\"801e67b\" data-element_type=\"section\" data-e-type=\"section\" data-settings=\"{&quot;stretch_section&quot;:&quot;section-stretched&quot;}\">\n\t\t\t\t\t\t<div class=\"elementor-container elementor-column-gap-no\">\n\t\t\t\t\t<div class=\"elementor-column elementor-col-100 elementor-top-column elementor-element elementor-element-c2b2488\" data-id=\"c2b2488\" data-element_type=\"column\" data-e-type=\"column\">\n\t\t\t<div class=\"elementor-widget-wrap elementor-element-populated\">\n\t\t\t\t\t\t<div class=\"elementor-element elementor-element-f83acec elementor-widget elementor-widget-image\" data-id=\"f83acec\" data-element_type=\"widget\" data-e-type=\"widget\" data-widget_type=\"image.default\">\n\t\t\t\t<div class=\"elementor-widget-container\">\n\t\t\t\t\t\t\t\t\t\t\t\t\t\t\t<img fetchpriority=\"high\" decoding=\"async\" width=\"2560\" height=\"1434\" src=\"https:\/\/www.redmaternoinfantil.org.mx\/wp-content\/uploads\/2022\/11\/slider_investigaciones.jpg\" class=\"attachment-full size-full wp-image-3690\" alt=\"\" srcset=\"https:\/\/www.redmaternoinfantil.org.mx\/wp-content\/uploads\/2022\/11\/slider_investigaciones.jpg 2560w, https:\/\/www.redmaternoinfantil.org.mx\/wp-content\/uploads\/2022\/11\/slider_investigaciones-300x168.jpg 300w, https:\/\/www.redmaternoinfantil.org.mx\/wp-content\/uploads\/2022\/11\/slider_investigaciones-1024x574.jpg 1024w, https:\/\/www.redmaternoinfantil.org.mx\/wp-content\/uploads\/2022\/11\/slider_investigaciones-768x430.jpg 768w, https:\/\/www.redmaternoinfantil.org.mx\/wp-content\/uploads\/2022\/11\/slider_investigaciones-1536x860.jpg 1536w, https:\/\/www.redmaternoinfantil.org.mx\/wp-content\/uploads\/2022\/11\/slider_investigaciones-2048x1147.jpg 2048w\" sizes=\"(max-width: 2560px) 100vw, 2560px\" \/>\t\t\t\t\t\t\t\t\t\t\t\t\t\t\t<\/div>\n\t\t\t\t<\/div>\n\t\t\t\t\t<\/div>\n\t\t<\/div>\n\t\t\t\t\t<\/div>\n\t\t<\/section>\n\t\t\t\t<section class=\"elementor-section elementor-top-section elementor-element elementor-element-c174070 elementor-section-full_width elementor-section-stretched elementor-hidden-desktop elementor-section-height-default elementor-section-height-default\" data-id=\"c174070\" data-element_type=\"section\" data-e-type=\"section\" data-settings=\"{&quot;stretch_section&quot;:&quot;section-stretched&quot;}\">\n\t\t\t\t\t\t<div class=\"elementor-container elementor-column-gap-no\">\n\t\t\t\t\t<div class=\"elementor-column elementor-col-100 elementor-top-column elementor-element elementor-element-e1b5cdf\" data-id=\"e1b5cdf\" data-element_type=\"column\" data-e-type=\"column\">\n\t\t\t<div class=\"elementor-widget-wrap elementor-element-populated\">\n\t\t\t\t\t\t<div class=\"elementor-element elementor-element-959c796 elementor-widget elementor-widget-image\" data-id=\"959c796\" data-element_type=\"widget\" data-e-type=\"widget\" data-widget_type=\"image.default\">\n\t\t\t\t<div class=\"elementor-widget-container\">\n\t\t\t\t\t\t\t\t\t\t\t\t\t\t\t<img fetchpriority=\"high\" decoding=\"async\" width=\"2560\" height=\"1434\" src=\"https:\/\/www.redmaternoinfantil.org.mx\/wp-content\/uploads\/2022\/11\/slider_investigaciones.jpg\" class=\"attachment-full size-full wp-image-3690\" alt=\"\" srcset=\"https:\/\/www.redmaternoinfantil.org.mx\/wp-content\/uploads\/2022\/11\/slider_investigaciones.jpg 2560w, https:\/\/www.redmaternoinfantil.org.mx\/wp-content\/uploads\/2022\/11\/slider_investigaciones-300x168.jpg 300w, https:\/\/www.redmaternoinfantil.org.mx\/wp-content\/uploads\/2022\/11\/slider_investigaciones-1024x574.jpg 1024w, https:\/\/www.redmaternoinfantil.org.mx\/wp-content\/uploads\/2022\/11\/slider_investigaciones-768x430.jpg 768w, https:\/\/www.redmaternoinfantil.org.mx\/wp-content\/uploads\/2022\/11\/slider_investigaciones-1536x860.jpg 1536w, https:\/\/www.redmaternoinfantil.org.mx\/wp-content\/uploads\/2022\/11\/slider_investigaciones-2048x1147.jpg 2048w\" sizes=\"(max-width: 2560px) 100vw, 2560px\" \/>\t\t\t\t\t\t\t\t\t\t\t\t\t\t\t<\/div>\n\t\t\t\t<\/div>\n\t\t\t\t\t<\/div>\n\t\t<\/div>\n\t\t\t\t\t<\/div>\n\t\t<\/section>\n\t\t\t\t<section class=\"elementor-section elementor-top-section elementor-element elementor-element-a1dae2f elementor-section-boxed elementor-section-height-default elementor-section-height-default\" data-id=\"a1dae2f\" data-element_type=\"section\" data-e-type=\"section\" data-settings=\"{&quot;background_background&quot;:&quot;classic&quot;}\">\n\t\t\t\t\t\t<div class=\"elementor-container elementor-column-gap-no\">\n\t\t\t\t\t<div class=\"elementor-column elementor-col-100 elementor-top-column elementor-element elementor-element-a8efe35\" data-id=\"a8efe35\" data-element_type=\"column\" data-e-type=\"column\">\n\t\t\t<div class=\"elementor-widget-wrap elementor-element-populated\">\n\t\t\t\t\t\t<div class=\"elementor-element elementor-element-0c92d80 elementor-hidden-tablet elementor-hidden-mobile elementor-widget elementor-widget-heading\" data-id=\"0c92d80\" data-element_type=\"widget\" data-e-type=\"widget\" data-widget_type=\"heading.default\">\n\t\t\t\t<div class=\"elementor-widget-container\">\n\t\t\t\t\t<h2 class=\"elementor-heading-title elementor-size-default\">INVESTIGATION<\/h2>\t\t\t\t<\/div>\n\t\t\t\t<\/div>\n\t\t\t\t<div class=\"elementor-element elementor-element-66fcb38 elementor-hidden-tablet elementor-hidden-mobile elementor-widget elementor-widget-heading\" data-id=\"66fcb38\" data-element_type=\"widget\" data-e-type=\"widget\" data-widget_type=\"heading.default\">\n\t\t\t\t<div class=\"elementor-widget-container\">\n\t\t\t\t\t<h2 class=\"elementor-heading-title elementor-size-default\">INVESTIGATION<\/h2>\t\t\t\t<\/div>\n\t\t\t\t<\/div>\n\t\t\t\t<div class=\"elementor-element elementor-element-e56da71 elementor-hidden-tablet elementor-hidden-mobile elementor-widget-divider--view-line elementor-widget elementor-widget-divider\" data-id=\"e56da71\" data-element_type=\"widget\" data-e-type=\"widget\" data-widget_type=\"divider.default\">\n\t\t\t\t<div class=\"elementor-widget-container\">\n\t\t\t\t\t\t\t<div class=\"elementor-divider\">\n\t\t\t<span class=\"elementor-divider-separator\">\n\t\t\t\t\t\t<\/span>\n\t\t<\/div>\n\t\t\t\t\t\t<\/div>\n\t\t\t\t<\/div>\n\t\t\t\t<div class=\"elementor-element elementor-element-b375586 elementor-hidden-desktop elementor-widget elementor-widget-heading\" data-id=\"b375586\" data-element_type=\"widget\" data-e-type=\"widget\" data-widget_type=\"heading.default\">\n\t\t\t\t<div class=\"elementor-widget-container\">\n\t\t\t\t\t<h2 class=\"elementor-heading-title elementor-size-default\">INVESTIGATION<\/h2>\t\t\t\t<\/div>\n\t\t\t\t<\/div>\n\t\t\t\t<div class=\"elementor-element elementor-element-4a591c3 elementor-hidden-desktop elementor-widget elementor-widget-heading\" data-id=\"4a591c3\" data-element_type=\"widget\" data-e-type=\"widget\" data-widget_type=\"heading.default\">\n\t\t\t\t<div class=\"elementor-widget-container\">\n\t\t\t\t\t<h2 class=\"elementor-heading-title elementor-size-default\">INVESTIGATION<\/h2>\t\t\t\t<\/div>\n\t\t\t\t<\/div>\n\t\t\t\t<section class=\"elementor-section elementor-inner-section elementor-element elementor-element-fbbece7 elementor-section-boxed elementor-section-height-default elementor-section-height-default\" data-id=\"fbbece7\" data-element_type=\"section\" data-e-type=\"section\">\n\t\t\t\t\t\t<div class=\"elementor-container elementor-column-gap-default\">\n\t\t\t\t\t<div class=\"elementor-column elementor-col-50 elementor-inner-column elementor-element elementor-element-bc38781\" data-id=\"bc38781\" data-element_type=\"column\" data-e-type=\"column\" data-settings=\"{&quot;background_background&quot;:&quot;classic&quot;}\">\n\t\t\t<div class=\"elementor-widget-wrap elementor-element-populated\">\n\t\t\t\t\t\t<div class=\"elementor-element elementor-element-3f1708c elementor-widget elementor-widget-image\" data-id=\"3f1708c\" data-element_type=\"widget\" data-e-type=\"widget\" data-widget_type=\"image.default\">\n\t\t\t\t<div class=\"elementor-widget-container\">\n\t\t\t\t\t\t\t\t\t\t\t\t\t\t\t\t<a href=\"https:\/\/www.redmaternoinfantil.org.mx\/wp-content\/uploads\/2022\/11\/TESIS-El-Impacto-de-las-OSC-en-salud-mataerno-infantil-ITAM.pdf\">\n\t\t\t\t\t\t\t<img decoding=\"async\" width=\"686\" height=\"673\" src=\"https:\/\/www.redmaternoinfantil.org.mx\/wp-content\/uploads\/2022\/11\/portada_itam.jpg\" class=\"attachment-large size-large wp-image-3709\" alt=\"\" srcset=\"https:\/\/www.redmaternoinfantil.org.mx\/wp-content\/uploads\/2022\/11\/portada_itam.jpg 686w, https:\/\/www.redmaternoinfantil.org.mx\/wp-content\/uploads\/2022\/11\/portada_itam-300x294.jpg 300w\" sizes=\"(max-width: 686px) 100vw, 686px\" \/>\t\t\t\t\t\t\t\t<\/a>\n\t\t\t\t\t\t\t\t\t\t\t\t\t\t\t<\/div>\n\t\t\t\t<\/div>\n\t\t\t\t<div class=\"elementor-element elementor-element-33d5e60 elementor-align-center elementor-widget elementor-widget-button\" data-id=\"33d5e60\" data-element_type=\"widget\" data-e-type=\"widget\" data-widget_type=\"button.default\">\n\t\t\t\t<div class=\"elementor-widget-container\">\n\t\t\t\t\t\t\t\t\t<div class=\"elementor-button-wrapper\">\n\t\t\t\t\t<a class=\"elementor-button elementor-button-link elementor-size-sm\" href=\"https:\/\/www.redmaternoinfantil.org.mx\/wp-content\/uploads\/2022\/11\/TESIS-El-Impacto-de-las-OSC-en-salud-mataerno-infantil-ITAM.pdf\">\n\t\t\t\t\t\t<span class=\"elementor-button-content-wrapper\">\n\t\t\t\t\t\t\t\t\t<span class=\"elementor-button-text\">Desc\u00e1rgalo<\/span>\n\t\t\t\t\t<\/span>\n\t\t\t\t\t<\/a>\n\t\t\t\t<\/div>\n\t\t\t\t\t\t\t\t<\/div>\n\t\t\t\t<\/div>\n\t\t\t\t\t<\/div>\n\t\t<\/div>\n\t\t\t\t<div class=\"elementor-column elementor-col-50 elementor-inner-column elementor-element elementor-element-b06751f\" data-id=\"b06751f\" data-element_type=\"column\" data-e-type=\"column\">\n\t\t\t<div class=\"elementor-widget-wrap elementor-element-populated\">\n\t\t\t\t\t\t<div class=\"elementor-element elementor-element-73285a8 elementor-widget elementor-widget-text-editor\" data-id=\"73285a8\" data-element_type=\"widget\" data-e-type=\"widget\" data-widget_type=\"text-editor.default\">\n\t\t\t\t<div class=\"elementor-widget-container\">\n\t\t\t\t\t\t\t\t\t<p><strong>El impacto de las organizaciones civiles en la salud materno-infantil<\/strong> Caso de Red Materno Infantil (RMI)<\/p>\t\t\t\t\t\t\t\t<\/div>\n\t\t\t\t<\/div>\n\t\t\t\t<div class=\"elementor-element elementor-element-26d737b elementor-widget elementor-widget-text-editor\" data-id=\"26d737b\" data-element_type=\"widget\" data-e-type=\"widget\" data-widget_type=\"text-editor.default\">\n\t\t\t\t<div class=\"elementor-widget-container\">\n\t\t\t\t\t\t\t\t\t<p><strong>Autora:<\/strong> Mariana Gonz\u00e1lez Salido<\/p>\t\t\t\t\t\t\t\t<\/div>\n\t\t\t\t<\/div>\n\t\t\t\t<div class=\"elementor-element elementor-element-9d54e6e elementor-widget elementor-widget-text-editor\" data-id=\"9d54e6e\" data-element_type=\"widget\" data-e-type=\"widget\" data-widget_type=\"text-editor.default\">\n\t\t\t\t<div class=\"elementor-widget-container\">\n\t\t\t\t\t\t\t\t\t<p>Una amplia literatura respalda la importancia de la salud perinatal en resultados de salud y bienestar. Sin embargo, las acciones de organizaciones no gubernamentales (ONGs) son una intervenci\u00f3n poco estudiada de manera robusta. Esta investigaci\u00f3n hace una aportaci\u00f3n al evaluar el impacto de la actividad de una ONG en la edad gestacional al nacimiento y el peso al nacer de los beb\u00e9s. Se analiza el caso de Red Materno Infantil (RMI), presente en hospitales de la Secretar\u00eda de Salud (SSA) en la Ciudad de M\u00e9xico y el Estado de M\u00e9xico.<\/p>\t\t\t\t\t\t\t\t<\/div>\n\t\t\t\t<\/div>\n\t\t\t\t\t<\/div>\n\t\t<\/div>\n\t\t\t\t\t<\/div>\n\t\t<\/section>\n\t\t\t\t<div class=\"elementor-element elementor-element-5a13e94 elementor-hidden-desktop elementor-widget-divider--view-line elementor-widget elementor-widget-divider\" data-id=\"5a13e94\" data-element_type=\"widget\" data-e-type=\"widget\" data-widget_type=\"divider.default\">\n\t\t\t\t<div class=\"elementor-widget-container\">\n\t\t\t\t\t\t\t<div class=\"elementor-divider\">\n\t\t\t<span class=\"elementor-divider-separator\">\n\t\t\t\t\t\t<\/span>\n\t\t<\/div>\n\t\t\t\t\t\t<\/div>\n\t\t\t\t<\/div>\n\t\t\t\t\t<\/div>\n\t\t<\/div>\n\t\t\t\t\t<\/div>\n\t\t<\/section>\n\t\t\t\t<section class=\"elementor-section elementor-top-section elementor-element elementor-element-c743eda elementor-section-boxed elementor-section-height-default elementor-section-height-default\" data-id=\"c743eda\" data-element_type=\"section\" data-e-type=\"section\">\n\t\t\t\t\t\t<div class=\"elementor-container elementor-column-gap-default\">\n\t\t\t\t\t<div class=\"elementor-column elementor-col-100 elementor-top-column elementor-element elementor-element-2774200\" data-id=\"2774200\" data-element_type=\"column\" data-e-type=\"column\">\n\t\t\t<div class=\"elementor-widget-wrap elementor-element-populated\">\n\t\t\t\t\t\t<div class=\"elementor-element elementor-element-c6046e4 elementor-widget elementor-widget-spacer\" data-id=\"c6046e4\" data-element_type=\"widget\" data-e-type=\"widget\" data-widget_type=\"spacer.default\">\n\t\t\t\t<div class=\"elementor-widget-container\">\n\t\t\t\t\t\t\t<div class=\"elementor-spacer\">\n\t\t\t<div class=\"elementor-spacer-inner\"><\/div>\n\t\t<\/div>\n\t\t\t\t\t\t<\/div>\n\t\t\t\t<\/div>\n\t\t\t\t\t<\/div>\n\t\t<\/div>\n\t\t\t\t\t<\/div>\n\t\t<\/section>\n\t\t\t\t<\/div>","protected":false},"excerpt":{"rendered":"<p>INVESTIGACIONES INVESTIGACIONES INVESTIGACIONES INVESTIGACIONES Desc\u00e1rgalo El impacto de las organizaciones civiles en la salud materno-infantil Caso de Red Materno Infantil (RMI) Autora: Mariana Gonz\u00e1lez Salido Una amplia literatura respalda la importancia de la salud perinatal en resultados de salud y bienestar. Sin embargo, las acciones de organizaciones no gubernamentales (ONGs) son una intervenci\u00f3n poco estudiada [&hellip;]<\/p>\n","protected":false},"author":2,"featured_media":3690,"parent":0,"menu_order":0,"comment_status":"closed","ping_status":"closed","template":"","meta":{"inline_featured_image":false,"_monsterinsights_skip_tracking":false,"_monsterinsights_sitenote_active":false,"_monsterinsights_sitenote_note":"","_monsterinsights_sitenote_category":0,"site-sidebar-layout":"no-sidebar","site-content-layout":"page-builder","ast-site-content-layout":"default","site-content-style":"default","site-sidebar-style":"default","ast-global-header-display":"disabled","ast-banner-title-visibility":"","ast-main-header-display":"","ast-hfb-above-header-display":"","ast-hfb-below-header-display":"","ast-hfb-mobile-header-display":"","site-post-title":"disabled","ast-breadcrumbs-content":"","ast-featured-img":"disabled","footer-sml-layout":"disabled","ast-disable-related-posts":"","theme-transparent-header-meta":"","adv-header-id-meta":"","stick-header-meta":"","header-above-stick-meta":"","header-main-stick-meta":"","header-below-stick-meta":"","astra-migrate-meta-layouts":"default","ast-page-background-enabled":"default","ast-page-background-meta":{"desktop":{"background-color":"var(--ast-global-color-4)","background-image":"","background-repeat":"repeat","background-position":"center center","background-size":"auto","background-attachment":"scroll","background-type":"","background-media":"","overlay-type":"","overlay-color":"","overlay-opacity":"","overlay-gradient":""},"tablet":{"background-color":"","background-image":"","background-repeat":"repeat","background-position":"center center","background-size":"auto","background-attachment":"scroll","background-type":"","background-media":"","overlay-type":"","overlay-color":"","overlay-opacity":"","overlay-gradient":""},"mobile":{"background-color":"","background-image":"","background-repeat":"repeat","background-position":"center center","background-size":"auto","background-attachment":"scroll","background-type":"","background-media":"","overlay-type":"","overlay-color":"","overlay-opacity":"","overlay-gradient":""}},"ast-content-background-meta":{"desktop":{"background-color":"var(--ast-global-color-5)","background-image":"","background-repeat":"repeat","background-position":"center center","background-size":"auto","background-attachment":"scroll","background-type":"","background-media":"","overlay-type":"","overlay-color":"","overlay-opacity":"","overlay-gradient":""},"tablet":{"background-color":"var(--ast-global-color-5)","background-image":"","background-repeat":"repeat","background-position":"center center","background-size":"auto","background-attachment":"scroll","background-type":"","background-media":"","overlay-type":"","overlay-color":"","overlay-opacity":"","overlay-gradient":""},"mobile":{"background-color":"var(--ast-global-color-5)","background-image":"","background-repeat":"repeat","background-position":"center center","background-size":"auto","background-attachment":"scroll","background-type":"","background-media":"","overlay-type":"","overlay-color":"","overlay-opacity":"","overlay-gradient":""}},"footnotes":""},"class_list":["post-2612","page","type-page","status-publish","has-post-thumbnail","hentry"],"rttpg_featured_image_url":{"full":["https:\/\/www.redmaternoinfantil.org.mx\/wp-content\/uploads\/2022\/11\/slider_investigaciones.jpg",2560,1434,false],"landscape":["https:\/\/www.redmaternoinfantil.org.mx\/wp-content\/uploads\/2022\/11\/slider_investigaciones.jpg",2560,1434,false],"portraits":["https:\/\/www.redmaternoinfantil.org.mx\/wp-content\/uploads\/2022\/11\/slider_investigaciones.jpg",2560,1434,false],"thumbnail":["https:\/\/www.redmaternoinfantil.org.mx\/wp-content\/uploads\/2022\/11\/slider_investigaciones-150x150.jpg",150,150,true],"medium":["https:\/\/www.redmaternoinfantil.org.mx\/wp-content\/uploads\/2022\/11\/slider_investigaciones-300x168.jpg",300,168,true],"large":["https:\/\/www.redmaternoinfantil.org.mx\/wp-content\/uploads\/2022\/11\/slider_investigaciones-1024x574.jpg",1024,574,true],"1536x1536":["https:\/\/www.redmaternoinfantil.org.mx\/wp-content\/uploads\/2022\/11\/slider_investigaciones-1536x860.jpg",1536,860,true],"2048x2048":["https:\/\/www.redmaternoinfantil.org.mx\/wp-content\/uploads\/2022\/11\/slider_investigaciones-2048x1147.jpg",2048,1147,true],"trp-custom-language-flag":["https:\/\/www.redmaternoinfantil.org.mx\/wp-content\/uploads\/2022\/11\/slider_investigaciones.jpg",18,10,false]},"rttpg_author":{"display_name":"Suriel Angel Carrasco Rodr\u00edguez","author_link":"https:\/\/www.redmaternoinfantil.org.mx\/en\/author\/suri-rmi\/"},"rttpg_comment":0,"rttpg_category":null,"rttpg_excerpt":"INVESTIGACIONES INVESTIGACIONES INVESTIGACIONES INVESTIGACIONES Desc\u00e1rgalo El impacto de las organizaciones civiles en la salud materno-infantil Caso de Red Materno Infantil (RMI) Autora: Mariana Gonz\u00e1lez Salido Una amplia literatura respalda la importancia de la salud perinatal en resultados de salud y bienestar. Sin embargo, las acciones de organizaciones no gubernamentales (ONGs) son una intervenci\u00f3n poco estudiada&hellip;","_links":{"self":[{"href":"https:\/\/www.redmaternoinfantil.org.mx\/en\/wp-json\/wp\/v2\/pages\/2612","targetHints":{"allow":["GET"]}}],"collection":[{"href":"https:\/\/www.redmaternoinfantil.org.mx\/en\/wp-json\/wp\/v2\/pages"}],"about":[{"href":"https:\/\/www.redmaternoinfantil.org.mx\/en\/wp-json\/wp\/v2\/types\/page"}],"author":[{"embeddable":true,"href":"https:\/\/www.redmaternoinfantil.org.mx\/en\/wp-json\/wp\/v2\/users\/2"}],"replies":[{"embeddable":true,"href":"https:\/\/www.redmaternoinfantil.org.mx\/en\/wp-json\/wp\/v2\/comments?post=2612"}],"version-history":[{"count":0,"href":"https:\/\/www.redmaternoinfantil.org.mx\/en\/wp-json\/wp\/v2\/pages\/2612\/revisions"}],"wp:featuredmedia":[{"embeddable":true,"href":"https:\/\/www.redmaternoinfantil.org.mx\/en\/wp-json\/wp\/v2\/media\/3690"}],"wp:attachment":[{"href":"https:\/\/www.redmaternoinfantil.org.mx\/en\/wp-json\/wp\/v2\/media?parent=2612"}],"curies":[{"name":"wp","href":"https:\/\/api.w.org\/{rel}","templated":true}]}}