{"id":2609,"date":"2022-10-31T11:24:49","date_gmt":"2022-10-31T17:24:49","guid":{"rendered":"https:\/\/www.redmaternoinfantil.org.mx\/?page_id=2609"},"modified":"2022-12-13T16:08:34","modified_gmt":"2022-12-13T22:08:34","slug":"blog-y-mas","status":"publish","type":"page","link":"https:\/\/www.redmaternoinfantil.org.mx\/en\/blog-y-mas\/","title":{"rendered":"Blog and more"},"content":{"rendered":"<div data-elementor-type=\"wp-page\" data-elementor-id=\"2609\" class=\"elementor elementor-2609\" data-elementor-post-type=\"page\">\n\t\t\t\t\t\t<section class=\"elementor-section elementor-top-section elementor-element elementor-element-63566fb elementor-section-full_width elementor-section-stretched elementor-section-height-default elementor-section-height-default\" data-id=\"63566fb\" data-element_type=\"section\" data-e-type=\"section\" data-settings=\"{&quot;stretch_section&quot;:&quot;section-stretched&quot;}\">\n\t\t\t\t\t\t<div class=\"elementor-container elementor-column-gap-no\">\n\t\t\t\t\t<div class=\"elementor-column elementor-col-100 elementor-top-column elementor-element elementor-element-5b61495\" data-id=\"5b61495\" data-element_type=\"column\" data-e-type=\"column\">\n\t\t\t<div class=\"elementor-widget-wrap elementor-element-populated\">\n\t\t\t\t\t\t<div class=\"elementor-element elementor-element-4422f26 elementor-hidden-tablet elementor-hidden-mobile elementor-widget elementor-widget-image\" data-id=\"4422f26\" data-element_type=\"widget\" data-e-type=\"widget\" data-widget_type=\"image.default\">\n\t\t\t\t<div class=\"elementor-widget-container\">\n\t\t\t\t\t\t\t\t\t\t\t\t\t\t\t<img fetchpriority=\"high\" decoding=\"async\" width=\"2560\" height=\"1435\" src=\"https:\/\/www.redmaternoinfantil.org.mx\/wp-content\/uploads\/2022\/12\/slider_blog.jpg\" class=\"attachment-full size-full wp-image-4096\" alt=\"\" srcset=\"https:\/\/www.redmaternoinfantil.org.mx\/wp-content\/uploads\/2022\/12\/slider_blog.jpg 2560w, https:\/\/www.redmaternoinfantil.org.mx\/wp-content\/uploads\/2022\/12\/slider_blog-300x168.jpg 300w, https:\/\/www.redmaternoinfantil.org.mx\/wp-content\/uploads\/2022\/12\/slider_blog-1024x574.jpg 1024w, https:\/\/www.redmaternoinfantil.org.mx\/wp-content\/uploads\/2022\/12\/slider_blog-768x431.jpg 768w, https:\/\/www.redmaternoinfantil.org.mx\/wp-content\/uploads\/2022\/12\/slider_blog-1536x861.jpg 1536w, https:\/\/www.redmaternoinfantil.org.mx\/wp-content\/uploads\/2022\/12\/slider_blog-2048x1148.jpg 2048w\" sizes=\"(max-width: 2560px) 100vw, 2560px\" \/>\t\t\t\t\t\t\t\t\t\t\t\t\t\t\t<\/div>\n\t\t\t\t<\/div>\n\t\t\t\t\t<\/div>\n\t\t<\/div>\n\t\t\t\t\t<\/div>\n\t\t<\/section>\n\t\t\t\t<section class=\"elementor-section elementor-top-section elementor-element elementor-element-e173598 elementor-section-full_width elementor-section-stretched elementor-hidden-desktop elementor-section-height-default elementor-section-height-default\" data-id=\"e173598\" data-element_type=\"section\" data-e-type=\"section\" data-settings=\"{&quot;stretch_section&quot;:&quot;section-stretched&quot;}\">\n\t\t\t\t\t\t<div class=\"elementor-container elementor-column-gap-no\">\n\t\t\t\t\t<div class=\"elementor-column elementor-col-100 elementor-top-column elementor-element elementor-element-f71fde1\" data-id=\"f71fde1\" data-element_type=\"column\" data-e-type=\"column\">\n\t\t\t<div class=\"elementor-widget-wrap elementor-element-populated\">\n\t\t\t\t\t\t<div class=\"elementor-element elementor-element-eb27963 elementor-widget elementor-widget-image\" data-id=\"eb27963\" data-element_type=\"widget\" data-e-type=\"widget\" data-widget_type=\"image.default\">\n\t\t\t\t<div class=\"elementor-widget-container\">\n\t\t\t\t\t\t\t\t\t\t\t\t\t\t\t<img fetchpriority=\"high\" decoding=\"async\" width=\"2560\" height=\"1435\" src=\"https:\/\/www.redmaternoinfantil.org.mx\/wp-content\/uploads\/2022\/12\/slider_blog.jpg\" class=\"attachment-full size-full wp-image-4096\" alt=\"\" srcset=\"https:\/\/www.redmaternoinfantil.org.mx\/wp-content\/uploads\/2022\/12\/slider_blog.jpg 2560w, https:\/\/www.redmaternoinfantil.org.mx\/wp-content\/uploads\/2022\/12\/slider_blog-300x168.jpg 300w, https:\/\/www.redmaternoinfantil.org.mx\/wp-content\/uploads\/2022\/12\/slider_blog-1024x574.jpg 1024w, https:\/\/www.redmaternoinfantil.org.mx\/wp-content\/uploads\/2022\/12\/slider_blog-768x431.jpg 768w, https:\/\/www.redmaternoinfantil.org.mx\/wp-content\/uploads\/2022\/12\/slider_blog-1536x861.jpg 1536w, https:\/\/www.redmaternoinfantil.org.mx\/wp-content\/uploads\/2022\/12\/slider_blog-2048x1148.jpg 2048w\" sizes=\"(max-width: 2560px) 100vw, 2560px\" \/>\t\t\t\t\t\t\t\t\t\t\t\t\t\t\t<\/div>\n\t\t\t\t<\/div>\n\t\t\t\t\t<\/div>\n\t\t<\/div>\n\t\t\t\t\t<\/div>\n\t\t<\/section>\n\t\t\t\t<section class=\"elementor-section elementor-top-section elementor-element elementor-element-d58a100 elementor-section-boxed elementor-section-height-default elementor-section-height-default\" data-id=\"d58a100\" data-element_type=\"section\" data-e-type=\"section\" data-settings=\"{&quot;background_background&quot;:&quot;classic&quot;}\">\n\t\t\t\t\t\t<div class=\"elementor-container elementor-column-gap-no\">\n\t\t\t\t\t<div class=\"elementor-column elementor-col-100 elementor-top-column elementor-element elementor-element-8b0e81e\" data-id=\"8b0e81e\" data-element_type=\"column\" data-e-type=\"column\">\n\t\t\t<div class=\"elementor-widget-wrap elementor-element-populated\">\n\t\t\t\t\t\t<div class=\"elementor-element elementor-element-4b72a22 elementor-hidden-tablet elementor-hidden-mobile elementor-widget elementor-widget-heading\" data-id=\"4b72a22\" data-element_type=\"widget\" data-e-type=\"widget\" data-widget_type=\"heading.default\">\n\t\t\t\t<div class=\"elementor-widget-container\">\n\t\t\t\t\t<h2 class=\"elementor-heading-title elementor-size-default\">BLOG - Y M\u00c1S...<\/h2>\t\t\t\t<\/div>\n\t\t\t\t<\/div>\n\t\t\t\t<div class=\"elementor-element elementor-element-64f2bd4 elementor-hidden-tablet elementor-hidden-mobile elementor-widget elementor-widget-heading\" data-id=\"64f2bd4\" data-element_type=\"widget\" data-e-type=\"widget\" data-widget_type=\"heading.default\">\n\t\t\t\t<div class=\"elementor-widget-container\">\n\t\t\t\t\t<h2 class=\"elementor-heading-title elementor-size-default\">BLOG Y- M\u00c1S...<\/h2>\t\t\t\t<\/div>\n\t\t\t\t<\/div>\n\t\t\t\t<div class=\"elementor-element elementor-element-ddcf93e elementor-hidden-tablet elementor-hidden-mobile elementor-widget-divider--view-line elementor-widget elementor-widget-divider\" data-id=\"ddcf93e\" data-element_type=\"widget\" data-e-type=\"widget\" data-widget_type=\"divider.default\">\n\t\t\t\t<div class=\"elementor-widget-container\">\n\t\t\t\t\t\t\t<div class=\"elementor-divider\">\n\t\t\t<span class=\"elementor-divider-separator\">\n\t\t\t\t\t\t<\/span>\n\t\t<\/div>\n\t\t\t\t\t\t<\/div>\n\t\t\t\t<\/div>\n\t\t\t\t<div class=\"elementor-element elementor-element-f6cde49 elementor-hidden-desktop elementor-widget elementor-widget-heading\" data-id=\"f6cde49\" data-element_type=\"widget\" data-e-type=\"widget\" data-widget_type=\"heading.default\">\n\t\t\t\t<div class=\"elementor-widget-container\">\n\t\t\t\t\t<h2 class=\"elementor-heading-title elementor-size-default\">BLOG Y- M\u00c1S...<\/h2>\t\t\t\t<\/div>\n\t\t\t\t<\/div>\n\t\t\t\t<div class=\"elementor-element elementor-element-1cfde26 elementor-hidden-desktop elementor-widget elementor-widget-heading\" data-id=\"1cfde26\" data-element_type=\"widget\" data-e-type=\"widget\" data-widget_type=\"heading.default\">\n\t\t\t\t<div class=\"elementor-widget-container\">\n\t\t\t\t\t<h2 class=\"elementor-heading-title elementor-size-default\">BLOG Y- M\u00c1S...<\/h2>\t\t\t\t<\/div>\n\t\t\t\t<\/div>\n\t\t\t\t<div class=\"elementor-element elementor-element-c182a25 elementor-hidden-desktop elementor-widget-divider--view-line elementor-widget elementor-widget-divider\" data-id=\"c182a25\" data-element_type=\"widget\" data-e-type=\"widget\" data-widget_type=\"divider.default\">\n\t\t\t\t<div class=\"elementor-widget-container\">\n\t\t\t\t\t\t\t<div class=\"elementor-divider\">\n\t\t\t<span class=\"elementor-divider-separator\">\n\t\t\t\t\t\t<\/span>\n\t\t<\/div>\n\t\t\t\t\t\t<\/div>\n\t\t\t\t<\/div>\n\t\t\t\t\t<\/div>\n\t\t<\/div>\n\t\t\t\t\t<\/div>\n\t\t<\/section>\n\t\t\t\t<section class=\"elementor-section elementor-top-section elementor-element elementor-element-7d96eda elementor-section-boxed elementor-section-height-default elementor-section-height-default\" data-id=\"7d96eda\" data-element_type=\"section\" data-e-type=\"section\">\n\t\t\t\t\t\t<div class=\"elementor-container elementor-column-gap-default\">\n\t\t\t\t\t<div class=\"elementor-column elementor-col-100 elementor-top-column elementor-element elementor-element-b6d7c76\" data-id=\"b6d7c76\" data-element_type=\"column\" data-e-type=\"column\">\n\t\t\t<div class=\"elementor-widget-wrap elementor-element-populated\">\n\t\t\t\t\t\t<div class=\"elementor-element elementor-element-18d4520 tpg-wrapper-align-left meta-visibility-show title_position_default title_hover_border_default title-default img_hover_animation_default meta_position_default readmore-btn-default-style grid-hover-overlay-type-always tpg-el-box-border-enable tpg-border-bottom-disable elementor-widget elementor-widget-tpg-grid-layout\" data-id=\"18d4520\" data-element_type=\"widget\" data-e-type=\"widget\" data-widget_type=\"tpg-grid-layout.default\">\n\t\t\t\t<div class=\"elementor-widget-container\">\n\t\t\t\t\t\t\t<div class=\"rt-container-fluid rt-tpg-container tpg-el-main-wrapper clearfix grid-layout1-main\"\n\t\t\t id=\"rt-tpg-container-150349472\"\n\t\t\t data-layout=\"grid-layout1\"\n\t\t\t data-grid-style=\"tpg-full-height\"\n\t\t\t data-sc-id=\"elementor\"\n\t\t\t data-el-settings=''\n\t\t\t data-el-query=''\n\t\t\t data-el-path=''\n\t\t>\n\t\t\t\t\t\t<div class='tpg-header-wrapper'>\n\t\t\t\t\t\t\t<\/div>\n\n\t\t\t<div data-title=\"Loading ...\" class=\"rt-row rt-content-loader grid-layout1 grid-behaviour tpg-full-height grid_layout_wrapper\">\n\t\t\t\t<div class=\"rt-col-md-6 rt-col-sm-6 rt-col-xs-12 default rt-grid-item post-1131 post type-post status-publish format-standard has-post-thumbnail hentry category-blog tag-salud-mental-materna tag-salud-mental-perinatal\"        data-id=\"1131\">\n    <div class=\"rt-holder tpg-post-holder\">\n        <div class=\"rt-detail rt-el-content-wrapper\">\n\t\t\t                <div class=\"rt-img-holder tpg-el-image-wrap has-thumbnail\">\n\t\t\t\t\t<a data-id=\"1131\" href=\"https:\/\/www.redmaternoinfantil.org.mx\/en\/conversatorio-salud-mental-de-mama-despues-de-una-muerte-gestacional-o-neonatal\/\" class=\"tpg-post-link\" target=\"_self\">                        <img decoding=\"async\" src=\"https:\/\/www.redmaternoinfantil.org.mx\/wp-content\/uploads\/2022\/10\/1conversatorio_saludmental-768x512.jpg\"\n                             class=\"rt-img-responsive\"\n                             width=\"768\"\n                             height=\"512\"\n                             alt=\"Conversatorio: Salud mental de mam\u00e1 despu\u00e9s de una muerte gestacional o neonatal\">\n\t\t\t\t\t\t\n\t\t\t\t\t\t\t\n\t\t<\/a>\n\t\t        <div class=\"overlay grid-hover-content\"><\/div>\n\t\t                <\/div>\n\t\t\t\n\t\t\t<div class=\"entry-title-wrapper\"><h3 class=\"entry-title\"><a data-id=\"1131\" href=\"https:\/\/www.redmaternoinfantil.org.mx\/en\/conversatorio-salud-mental-de-mama-despues-de-una-muerte-gestacional-o-neonatal\/\" class=\"tpg-post-link\" target=\"_self\">Conservatory: Mom's mental health after gestational or neonatal death<\/a><\/h3><\/div>\n\t\t\t                <div class=\"post-meta-tags rt-el-post-meta\">\n\t\t\t\t\t            <span class='date'>\n\t\t\t\t\t\t\t\t                    <a href=\"https:\/\/www.redmaternoinfantil.org.mx\/en\/2022\/10\/22\/\">\n\t\t\t\t\tOctober 22, 2022\t\t\t\t<\/a>\n\t\t\t\t\t\t\t<\/span>\n\t\t\t                <\/div>\n\t\t\t\n\n\t\t\t\n\t\t\t        <div class=\"post-footer\">\n            <div class=\"post-footer\">\n                <div class=\"read-more\">\n\t\t\t\t\t<a data-id=\"1131\" href=\"https:\/\/www.redmaternoinfantil.org.mx\/en\/conversatorio-salud-mental-de-mama-despues-de-una-muerte-gestacional-o-neonatal\/\" class=\"tpg-post-link\" target=\"_self\">LEER M\u00c1S...<\/a>                <\/div>\n            <\/div>\n        <\/div>\n\t\t        <\/div>\n    <\/div>\n<\/div>\n<div class=\"rt-col-md-6 rt-col-sm-6 rt-col-xs-12 default rt-grid-item post-1139 post type-post status-publish format-standard has-post-thumbnail hentry category-blog tag-salud-mental-materna tag-salud-mental-perinatal\"        data-id=\"1139\">\n    <div class=\"rt-holder tpg-post-holder\">\n        <div class=\"rt-detail rt-el-content-wrapper\">\n\t\t\t                <div class=\"rt-img-holder tpg-el-image-wrap has-thumbnail\">\n\t\t\t\t\t<a data-id=\"1139\" href=\"https:\/\/www.redmaternoinfantil.org.mx\/en\/sabes-que-es-la-psicosis-postparto\/\" class=\"tpg-post-link\" target=\"_self\">                        <img decoding=\"async\" src=\"https:\/\/www.redmaternoinfantil.org.mx\/wp-content\/uploads\/2022\/10\/1psicosis_postparto-768x512.jpg\"\n                             class=\"rt-img-responsive\"\n                             width=\"768\"\n                             height=\"512\"\n                             alt=\"\u00bfSabes qu\u00e9 es la psicosis postparto?\">\n\t\t\t\t\t\t\n\t\t\t\t\t\t\t\n\t\t<\/a>\n\t\t        <div class=\"overlay grid-hover-content\"><\/div>\n\t\t                <\/div>\n\t\t\t\n\t\t\t<div class=\"entry-title-wrapper\"><h3 class=\"entry-title\"><a data-id=\"1139\" href=\"https:\/\/www.redmaternoinfantil.org.mx\/en\/sabes-que-es-la-psicosis-postparto\/\" class=\"tpg-post-link\" target=\"_self\">Do you know what postpartum psychosis is?<\/a><\/h3><\/div>\n\t\t\t                <div class=\"post-meta-tags rt-el-post-meta\">\n\t\t\t\t\t            <span class='date'>\n\t\t\t\t\t\t\t\t                    <a href=\"https:\/\/www.redmaternoinfantil.org.mx\/en\/2022\/10\/21\/\">\n\t\t\t\t\tOctober 21, 2022\t\t\t\t<\/a>\n\t\t\t\t\t\t\t<\/span>\n\t\t\t                <\/div>\n\t\t\t\n\n\t\t\t\n\t\t\t        <div class=\"post-footer\">\n            <div class=\"post-footer\">\n                <div class=\"read-more\">\n\t\t\t\t\t<a data-id=\"1139\" href=\"https:\/\/www.redmaternoinfantil.org.mx\/en\/sabes-que-es-la-psicosis-postparto\/\" class=\"tpg-post-link\" target=\"_self\">LEER M\u00c1S...<\/a>                <\/div>\n            <\/div>\n        <\/div>\n\t\t        <\/div>\n    <\/div>\n<\/div>\n<div class=\"rt-col-md-6 rt-col-sm-6 rt-col-xs-12 default rt-grid-item post-1142 post type-post status-publish format-standard has-post-thumbnail hentry category-blog tag-cuidados-en-el-embarazo tag-signos-de-alarma\"        data-id=\"1142\">\n    <div class=\"rt-holder tpg-post-holder\">\n        <div class=\"rt-detail rt-el-content-wrapper\">\n\t\t\t                <div class=\"rt-img-holder tpg-el-image-wrap has-thumbnail\">\n\t\t\t\t\t<a data-id=\"1142\" href=\"https:\/\/www.redmaternoinfantil.org.mx\/en\/cuales-son-los-signos-de-alarma-durante-el-embarazo\/\" class=\"tpg-post-link\" target=\"_self\">                        <img loading=\"lazy\" decoding=\"async\" src=\"https:\/\/www.redmaternoinfantil.org.mx\/wp-content\/uploads\/2022\/10\/1signos_alarma-768x513.jpg\"\n                             class=\"rt-img-responsive\"\n                             width=\"768\"\n                             height=\"513\"\n                             alt=\"\u00bfCu\u00e1les son los signos de alarma durante el embarazo?\">\n\t\t\t\t\t\t\n\t\t\t\t\t\t\t\n\t\t<\/a>\n\t\t        <div class=\"overlay grid-hover-content\"><\/div>\n\t\t                <\/div>\n\t\t\t\n\t\t\t<div class=\"entry-title-wrapper\"><h3 class=\"entry-title\"><a data-id=\"1142\" href=\"https:\/\/www.redmaternoinfantil.org.mx\/en\/cuales-son-los-signos-de-alarma-durante-el-embarazo\/\" class=\"tpg-post-link\" target=\"_self\">What are the warning signs during pregnancy?<\/a><\/h3><\/div>\n\t\t\t                <div class=\"post-meta-tags rt-el-post-meta\">\n\t\t\t\t\t            <span class='date'>\n\t\t\t\t\t\t\t\t                    <a href=\"https:\/\/www.redmaternoinfantil.org.mx\/en\/2022\/10\/01\/\">\n\t\t\t\t\tOctober 1, 2022\t\t\t\t<\/a>\n\t\t\t\t\t\t\t<\/span>\n\t\t\t                <\/div>\n\t\t\t\n\n\t\t\t\n\t\t\t        <div class=\"post-footer\">\n            <div class=\"post-footer\">\n                <div class=\"read-more\">\n\t\t\t\t\t<a data-id=\"1142\" href=\"https:\/\/www.redmaternoinfantil.org.mx\/en\/cuales-son-los-signos-de-alarma-durante-el-embarazo\/\" class=\"tpg-post-link\" target=\"_self\">LEER M\u00c1S...<\/a>                <\/div>\n            <\/div>\n        <\/div>\n\t\t        <\/div>\n    <\/div>\n<\/div>\n<div class=\"rt-col-md-6 rt-col-sm-6 rt-col-xs-12 default rt-grid-item post-4127 post type-post status-publish format-standard has-post-thumbnail hentry category-blog tag-control-prenatal tag-cuidados-en-el-embarazo\"        data-id=\"4127\">\n    <div class=\"rt-holder tpg-post-holder\">\n        <div class=\"rt-detail rt-el-content-wrapper\">\n\t\t\t                <div class=\"rt-img-holder tpg-el-image-wrap has-thumbnail\">\n\t\t\t\t\t<a data-id=\"4127\" href=\"https:\/\/www.redmaternoinfantil.org.mx\/en\/la-importancia-del-control-prenatal\/\" class=\"tpg-post-link\" target=\"_self\">                        <img loading=\"lazy\" decoding=\"async\" src=\"https:\/\/www.redmaternoinfantil.org.mx\/wp-content\/uploads\/2022\/12\/control_prenatal.jpg\"\n                             class=\"rt-img-responsive\"\n                             width=\"424\"\n                             height=\"283\"\n                             alt=\"La importancia del Control Prenatal\">\n\t\t\t\t\t\t\n\t\t\t\t\t\t\t\n\t\t<\/a>\n\t\t        <div class=\"overlay grid-hover-content\"><\/div>\n\t\t                <\/div>\n\t\t\t\n\t\t\t<div class=\"entry-title-wrapper\"><h3 class=\"entry-title\"><a data-id=\"4127\" href=\"https:\/\/www.redmaternoinfantil.org.mx\/en\/la-importancia-del-control-prenatal\/\" class=\"tpg-post-link\" target=\"_self\">La importancia del Control Prenatal<\/a><\/h3><\/div>\n\t\t\t                <div class=\"post-meta-tags rt-el-post-meta\">\n\t\t\t\t\t            <span class='date'>\n\t\t\t\t\t\t\t\t                    <a href=\"https:\/\/www.redmaternoinfantil.org.mx\/en\/2022\/05\/22\/\">\n\t\t\t\t\tMay 22, 2022\t\t\t\t<\/a>\n\t\t\t\t\t\t\t<\/span>\n\t\t\t                <\/div>\n\t\t\t\n\n\t\t\t\n\t\t\t        <div class=\"post-footer\">\n            <div class=\"post-footer\">\n                <div class=\"read-more\">\n\t\t\t\t\t<a data-id=\"4127\" href=\"https:\/\/www.redmaternoinfantil.org.mx\/en\/la-importancia-del-control-prenatal\/\" class=\"tpg-post-link\" target=\"_self\">LEER M\u00c1S...<\/a>                <\/div>\n            <\/div>\n        <\/div>\n\t\t        <\/div>\n    <\/div>\n<\/div>\n\t\t\t<\/div>\n\t\t\t<div class='rt-pagination-wrap' data-total-pages='2' data-posts-per-page='4' data-type='pagination'><div class=\"rt-pagination\"><ul class=\"pagination-list\"><li class=\"active\"><span>1<\/span><\/li><li><a data-paged='2' href='https:\/\/www.redmaternoinfantil.org.mx\/en\/wp-json\/wp\/v2\/pages\/2609\/page\/2\/'>2<\/a><\/li><\/ul><\/div><\/div>\n\t\t<\/div>\n\t\t\t\t\t\t<\/div>\n\t\t\t\t<\/div>\n\t\t\t\t<div class=\"elementor-element elementor-element-4a58147 elementor-widget elementor-widget-spacer\" data-id=\"4a58147\" data-element_type=\"widget\" data-e-type=\"widget\" data-widget_type=\"spacer.default\">\n\t\t\t\t<div class=\"elementor-widget-container\">\n\t\t\t\t\t\t\t<div class=\"elementor-spacer\">\n\t\t\t<div class=\"elementor-spacer-inner\"><\/div>\n\t\t<\/div>\n\t\t\t\t\t\t<\/div>\n\t\t\t\t<\/div>\n\t\t\t\t\t<\/div>\n\t\t<\/div>\n\t\t\t\t\t<\/div>\n\t\t<\/section>\n\t\t\t\t<section class=\"elementor-section elementor-top-section elementor-element elementor-element-86aa6ac elementor-section-boxed elementor-section-height-default elementor-section-height-default\" data-id=\"86aa6ac\" data-element_type=\"section\" data-e-type=\"section\">\n\t\t\t\t\t\t<div class=\"elementor-container elementor-column-gap-default\">\n\t\t\t\t\t<div class=\"elementor-column elementor-col-100 elementor-top-column elementor-element elementor-element-45f7454\" data-id=\"45f7454\" data-element_type=\"column\" data-e-type=\"column\">\n\t\t\t<div class=\"elementor-widget-wrap elementor-element-populated\">\n\t\t\t\t\t\t<div class=\"elementor-element elementor-element-437ae18 elementor-widget elementor-widget-spacer\" data-id=\"437ae18\" data-element_type=\"widget\" data-e-type=\"widget\" data-widget_type=\"spacer.default\">\n\t\t\t\t<div class=\"elementor-widget-container\">\n\t\t\t\t\t\t\t<div class=\"elementor-spacer\">\n\t\t\t<div class=\"elementor-spacer-inner\"><\/div>\n\t\t<\/div>\n\t\t\t\t\t\t<\/div>\n\t\t\t\t<\/div>\n\t\t\t\t\t<\/div>\n\t\t<\/div>\n\t\t\t\t\t<\/div>\n\t\t<\/section>\n\t\t\t\t<\/div>","protected":false},"excerpt":{"rendered":"<p>BLOG &#8211; Y M\u00c1S&#8230; BLOG Y- M\u00c1S&#8230; BLOG Y- M\u00c1S&#8230; BLOG Y- M\u00c1S&#8230; Conversatorio: Salud mental de mam\u00e1 despu\u00e9s de una muerte gestacional o neonatal octubre 22, 2022 LEER M\u00c1S&#8230; \u00bfSabes qu\u00e9 es la psicosis postparto? octubre 21, 2022 LEER M\u00c1S&#8230; \u00bfCu\u00e1les son los signos de alarma durante el embarazo? octubre 1, 2022 LEER M\u00c1S&#8230; [&hellip;]<\/p>\n","protected":false},"author":2,"featured_media":4096,"parent":0,"menu_order":0,"comment_status":"closed","ping_status":"closed","template":"","meta":{"inline_featured_image":false,"_monsterinsights_skip_tracking":false,"_monsterinsights_sitenote_active":false,"_monsterinsights_sitenote_note":"","_monsterinsights_sitenote_category":0,"site-sidebar-layout":"no-sidebar","site-content-layout":"page-builder","ast-site-content-layout":"default","site-content-style":"default","site-sidebar-style":"default","ast-global-header-display":"disabled","ast-banner-title-visibility":"","ast-main-header-display":"","ast-hfb-above-header-display":"","ast-hfb-below-header-display":"","ast-hfb-mobile-header-display":"","site-post-title":"disabled","ast-breadcrumbs-content":"","ast-featured-img":"disabled","footer-sml-layout":"disabled","ast-disable-related-posts":"","theme-transparent-header-meta":"","adv-header-id-meta":"","stick-header-meta":"","header-above-stick-meta":"","header-main-stick-meta":"","header-below-stick-meta":"","astra-migrate-meta-layouts":"default","ast-page-background-enabled":"default","ast-page-background-meta":{"desktop":{"background-color":"var(--ast-global-color-4)","background-image":"","background-repeat":"repeat","background-position":"center center","background-size":"auto","background-attachment":"scroll","background-type":"","background-media":"","overlay-type":"","overlay-color":"","overlay-opacity":"","overlay-gradient":""},"tablet":{"background-color":"","background-image":"","background-repeat":"repeat","background-position":"center center","background-size":"auto","background-attachment":"scroll","background-type":"","background-media":"","overlay-type":"","overlay-color":"","overlay-opacity":"","overlay-gradient":""},"mobile":{"background-color":"","background-image":"","background-repeat":"repeat","background-position":"center center","background-size":"auto","background-attachment":"scroll","background-type":"","background-media":"","overlay-type":"","overlay-color":"","overlay-opacity":"","overlay-gradient":""}},"ast-content-background-meta":{"desktop":{"background-color":"var(--ast-global-color-5)","background-image":"","background-repeat":"repeat","background-position":"center center","background-size":"auto","background-attachment":"scroll","background-type":"","background-media":"","overlay-type":"","overlay-color":"","overlay-opacity":"","overlay-gradient":""},"tablet":{"background-color":"var(--ast-global-color-5)","background-image":"","background-repeat":"repeat","background-position":"center center","background-size":"auto","background-attachment":"scroll","background-type":"","background-media":"","overlay-type":"","overlay-color":"","overlay-opacity":"","overlay-gradient":""},"mobile":{"background-color":"var(--ast-global-color-5)","background-image":"","background-repeat":"repeat","background-position":"center center","background-size":"auto","background-attachment":"scroll","background-type":"","background-media":"","overlay-type":"","overlay-color":"","overlay-opacity":"","overlay-gradient":""}},"footnotes":""},"class_list":["post-2609","page","type-page","status-publish","has-post-thumbnail","hentry"],"rttpg_featured_image_url":{"full":["https:\/\/www.redmaternoinfantil.org.mx\/wp-content\/uploads\/2022\/12\/slider_blog.jpg",2560,1435,false],"landscape":["https:\/\/www.redmaternoinfantil.org.mx\/wp-content\/uploads\/2022\/12\/slider_blog.jpg",2560,1435,false],"portraits":["https:\/\/www.redmaternoinfantil.org.mx\/wp-content\/uploads\/2022\/12\/slider_blog.jpg",2560,1435,false],"thumbnail":["https:\/\/www.redmaternoinfantil.org.mx\/wp-content\/uploads\/2022\/12\/slider_blog-150x150.jpg",150,150,true],"medium":["https:\/\/www.redmaternoinfantil.org.mx\/wp-content\/uploads\/2022\/12\/slider_blog-300x168.jpg",300,168,true],"large":["https:\/\/www.redmaternoinfantil.org.mx\/wp-content\/uploads\/2022\/12\/slider_blog-1024x574.jpg",1024,574,true],"1536x1536":["https:\/\/www.redmaternoinfantil.org.mx\/wp-content\/uploads\/2022\/12\/slider_blog-1536x861.jpg",1536,861,true],"2048x2048":["https:\/\/www.redmaternoinfantil.org.mx\/wp-content\/uploads\/2022\/12\/slider_blog-2048x1148.jpg",2048,1148,true],"trp-custom-language-flag":["https:\/\/www.redmaternoinfantil.org.mx\/wp-content\/uploads\/2022\/12\/slider_blog.jpg",18,10,false]},"rttpg_author":{"display_name":"Suriel Angel Carrasco Rodr\u00edguez","author_link":"https:\/\/www.redmaternoinfantil.org.mx\/en\/author\/suri-rmi\/"},"rttpg_comment":0,"rttpg_category":"","rttpg_excerpt":"BLOG &#8211; Y M\u00c1S&#8230; BLOG Y- M\u00c1S&#8230; BLOG Y- M\u00c1S&#8230; BLOG Y- M\u00c1S&#8230; Conversatorio: Salud mental de mam\u00e1 despu\u00e9s de una muerte gestacional o neonatal octubre 22, 2022 LEER M\u00c1S&#8230; \u00bfSabes qu\u00e9 es la psicosis postparto? octubre 21, 2022 LEER M\u00c1S&#8230; \u00bfCu\u00e1les son los signos de alarma durante el embarazo? octubre 1, 2022 LEER M\u00c1S&#8230;&hellip;","_links":{"self":[{"href":"https:\/\/www.redmaternoinfantil.org.mx\/en\/wp-json\/wp\/v2\/pages\/2609","targetHints":{"allow":["GET"]}}],"collection":[{"href":"https:\/\/www.redmaternoinfantil.org.mx\/en\/wp-json\/wp\/v2\/pages"}],"about":[{"href":"https:\/\/www.redmaternoinfantil.org.mx\/en\/wp-json\/wp\/v2\/types\/page"}],"author":[{"embeddable":true,"href":"https:\/\/www.redmaternoinfantil.org.mx\/en\/wp-json\/wp\/v2\/users\/2"}],"replies":[{"embeddable":true,"href":"https:\/\/www.redmaternoinfantil.org.mx\/en\/wp-json\/wp\/v2\/comments?post=2609"}],"version-history":[{"count":0,"href":"https:\/\/www.redmaternoinfantil.org.mx\/en\/wp-json\/wp\/v2\/pages\/2609\/revisions"}],"wp:featuredmedia":[{"embeddable":true,"href":"https:\/\/www.redmaternoinfantil.org.mx\/en\/wp-json\/wp\/v2\/media\/4096"}],"wp:attachment":[{"href":"https:\/\/www.redmaternoinfantil.org.mx\/en\/wp-json\/wp\/v2\/media?parent=2609"}],"curies":[{"name":"wp","href":"https:\/\/api.w.org\/{rel}","templated":true}]}}